{"id":17710,"date":"2021-02-16T15:13:13","date_gmt":"2021-02-16T14:13:13","guid":{"rendered":"https:\/\/totenart.pt\/blog\/?page_id=17710"},"modified":"2021-06-22T13:17:30","modified_gmt":"2021-06-22T11:17:30","slug":"pintor-aficionado","status":"publish","type":"page","link":"https:\/\/totenart.pt\/blog\/o-que-oferecer\/pintor-aficionado\/","title":{"rendered":"O que oferecer a um pintor aficionado?"},"content":{"rendered":"<h2>O que oferecer a um pintor aficionado?<\/h2>\n<p>Eu sei, eu compreendo, n\u00e3o se sabe o que presentear a algu\u00e9m que gosta de pintar&#8230; Fazer um presente para um artista amador pode ser complexo. Por esta raz\u00e3o, prepar\u00e1mos uma p\u00e1gina com algumas das nossas <strong>ideias de presentes para um pintor aficionado.<\/strong> No entanto, tal como para os artistas profissionais, se tiveres de dar um presente a um pintor aficionado, ter\u00e1s de saber de que t\u00e9cnica \u00e9 que ele ou ela gosta&#8230; J\u00e1 sabes disso? \u00d3timo, continua a ler!<\/p>\n<h3>Pintor aficionado de \u00f3leos<\/h3>\n<p>Se est\u00e1s \u00e0 procura de um <strong>presente para um pintor amador a \u00f3leo,<\/strong> aqui est\u00e3o algumas ideias. Para come\u00e7ar, podes optar por comprar uma mala de pintura a \u00f3leo. Normalmente, os artistas amadores costumam comprar pinturas \u00fanicas. <strong>Uma mala de pintura a \u00f3leo o far\u00e1 muito feliz!<\/strong> A nossa recomenda\u00e7\u00e3o \u00e9 dar <a href=\"https:\/\/totenart.pt\/oleo-van-gogh-caixa-madeira-10-cor?utm_source=post&amp;utm_medium=o-que-oferecer&amp;utm_campaign=aficionado\" target=\"_blank\" rel=\"noopener noreferrer\"><span style=\"text-decoration: underline;\">uma mala de pintura Van Gogh<\/span><\/a> como presente. Esta gama tem uma grande rela\u00e7\u00e3o qualidade\/pre\u00e7o, por isso \u00e9 um bom presente para um pintor aficionado. Tamb\u00e9m podes tentar descobrir qual a gama de tintas a \u00f3leo que utiliza. Isto tornar\u00e1 mais f\u00e1cil corresponder ao seu estilo.<\/p>\n<p><img loading=\"lazy\" decoding=\"async\" class=\"size-full wp-image-17715 aligncenter\" src=\"https:\/\/totenart.pt\/blog\/wp-content\/uploads\/2021\/02\/maletin-oleo-compra-1-2-1.jpg\" alt=\"\" width=\"720\" height=\"253\" srcset=\"https:\/\/totenart.pt\/blog\/wp-content\/uploads\/2021\/02\/maletin-oleo-compra-1-2-1.jpg 720w, https:\/\/totenart.pt\/blog\/wp-content\/uploads\/2021\/02\/maletin-oleo-compra-1-2-1-300x105.jpg 300w\" sizes=\"auto, (max-width: 720px) 100vw, 720px\" \/><\/p>\n<p>Outra op\u00e7\u00e3o \u00e9 a de completar um presente. Se estiveres \u00e0 procura de um acess\u00f3rio para adicionar a um presente, recomendamos uma bote <a href=\"https:\/\/totenart.pt\/lavapinceles-aluminio?utm_source=post&amp;utm_medium=o-que-oferecer&amp;utm_campaign=aficionado\" target=\"_blank\" rel=\"noopener noreferrer\"><span style=\"text-decoration: underline;\">limpa-pinc\u00e9is.<\/span><\/a> Os artistas aficionados ou amadores utilizam frequentemente outros frascos que n\u00e3o s\u00e3o destinados a este fim. Tamb\u00e9m se pode optar pela <span style=\"text-decoration: underline;\"><a href=\"https:\/\/totenart.pt\/paleta-plastico-retangular-compartimentos-tampa-silicone-16x28-cm?utm_source=post&amp;utm_medium=o-que-oferecer&amp;utm_campaign=aficionado\" target=\"_blank\" rel=\"noopener noreferrer\">paleta herm\u00e9tica Phoenix<\/a><\/span>. Ideal para um artista que n\u00e3o pinta constantemente, esta paleta evitar\u00e1 que as suas tintas sequem.<\/p>\n<p style=\"text-align: center;\">Se quiseres saber mais olha para o nosso post de ideias sobre <span style=\"text-decoration: underline;\"><a href=\"https:\/\/totenart.pt\/blog\/o-que-oferecer\/pintor-aficionado\/oleo\/\" target=\"_blank\" rel=\"noopener\"><strong>o que oferecer a um pintor entusiasta do \u00f3leo<\/strong><\/a><\/span><\/p>\n<h3>Pintor aficionado de aguarelas<\/h3>\n<p>Uma das t\u00e9cnicas art\u00edsticas para pintores aficionados \u00e9 a aguarela. Devido ao seu pre\u00e7o e comodidade, muitos artistas come\u00e7am no mundo da pintura com aguarela. Assim, damos-te algumas ideias sobre <strong>o que dar a um pintor aguarelista aficionado.<\/strong><\/p>\n<p>Por um lado, uma prenda que com certeza vai acertar \u00e9 um <span style=\"text-decoration: underline;\"><a href=\"https:\/\/totenart.pt\/escovas\/conjuntos-de-pinceis?utm_source=post&amp;utm_medium=o-que-oferecer&amp;utm_campaign=aficionado\" target=\"_blank\" rel=\"noopener noreferrer\">conjunto ou set de pinc\u00e9is.<\/a><\/span> Os artistas amadores n\u00e3o costumam dar muita import\u00e2ncia aos pinc\u00e9is, por isso alguns pinc\u00e9is de qualidade ser\u00e3o \u00f3ptimos para eles. Al\u00e9m disso, se escolheres um kit de pinc\u00e9is estar\u00e1s a dar um pouco de tudo e com toda a certeza que o far\u00e1s bem.<\/p>\n<p><img loading=\"lazy\" decoding=\"async\" class=\"size-full wp-image-17716 aligncenter\" src=\"https:\/\/totenart.pt\/blog\/wp-content\/uploads\/2021\/02\/pinceles2-1.jpg\" alt=\"\" width=\"720\" height=\"292\" srcset=\"https:\/\/totenart.pt\/blog\/wp-content\/uploads\/2021\/02\/pinceles2-1.jpg 720w, https:\/\/totenart.pt\/blog\/wp-content\/uploads\/2021\/02\/pinceles2-1-300x122.jpg 300w\" sizes=\"auto, (max-width: 720px) 100vw, 720px\" \/><\/p>\n<p>Outra op\u00e7\u00e3o de oferta para pintores aficionados s\u00e3o as caixas de aguarela Pocket Box. Estas caixas est\u00e3o dispon\u00edveis em diferentes marcas: Winsor &amp; Newton, Schmincke ou Van Gogh e <strong>incluem tudo o que \u00e9 necess\u00e1rio para ir ao exterior e pintar.<\/strong> A nossa recomenda\u00e7\u00e3o \u00e9 de optar pela gama Cotman da Winsor &amp; Newton criada para artistas amadores e estudantes.<\/p>\n<p style=\"padding-left: 40px;\"><strong>Precisas de mais ideias? <\/strong>N\u00e3o percas o nosso post sobre <span style=\"text-decoration: underline;\"><a href=\"https:\/\/totenart.pt\/blog\/o-que-oferecer\/artista-aficionado\/aguarela\/?utm_source=post&amp;utm_medium=o-que-oferecer&amp;utm_campaign=aficionado\" target=\"_blank\" rel=\"noopener\">prendas para pintores aficionados de aguarela.<\/a><\/span><\/p>\n<h3>Pintor aficionado de acr\u00edlicos<\/h3>\n<p>A tinta acr\u00edlica \u00e9 uma das tintas mais comummente utilizadas por pintores amadores. \u00c9 por isso que vais encontrar muitos presentes originais para pintores desta t\u00e9cnica. No entanto, sabemos com certeza que <strong>o melhor presente \u00e9 um cavalete.<\/strong><\/p>\n<p><img loading=\"lazy\" decoding=\"async\" class=\"size-full wp-image-17717 aligncenter\" src=\"https:\/\/totenart.pt\/blog\/wp-content\/uploads\/2021\/02\/caballete-sobremesa-1-1.jpg\" alt=\"\" width=\"700\" height=\"365\" srcset=\"https:\/\/totenart.pt\/blog\/wp-content\/uploads\/2021\/02\/caballete-sobremesa-1-1.jpg 700w, https:\/\/totenart.pt\/blog\/wp-content\/uploads\/2021\/02\/caballete-sobremesa-1-1-300x156.jpg 300w\" sizes=\"auto, (max-width: 700px) 100vw, 700px\" \/><\/p>\n<p>Poucos artistas aficionados t\u00eam um e isso vai faz\u00ea-los sentir-se muito profissionais! Dependendo do espa\u00e7o do artista podes procurar um <a href=\"https:\/\/totenart.pt\/materiais-pintura\/cavaletes-pintura?utm_source=post&amp;utm_medium=o-que-oferecer&amp;utm_campaign=aficionado\" target=\"_blank\" rel=\"noopener noreferrer\"><span style=\"text-decoration: underline;\">cavalete normal<\/span><\/a> ou um <a href=\"https:\/\/totenart.pt\/materiais-pintura\/cavaletes-pintura?utm_source=post&amp;utm_medium=o-que-oferecer&amp;utm_campaign=aficionado\" target=\"_blank\" rel=\"noopener noreferrer\"><span style=\"text-decoration: underline;\">cavalete de mesa<\/span><\/a>. Estes \u00faltimos s\u00e3o os nossos favoritos, pois n\u00e3o precisam de muito espa\u00e7o. Al\u00e9m disso, <strong>s\u00e3o cavaletes baratos que fazem o seu trabalho na perfei\u00e7\u00e3o.<\/strong><\/p>\n<p style=\"padding-left: 40px;\"><strong>Precisas de mais?<\/strong> Deixamos aqui mais <a href=\"https:\/\/totenart.pt\/blog\/o-que-oferecer\/pintor-aficionado\/acrilico\/\" target=\"_blank\" rel=\"noopener\"><span style=\"text-decoration: underline;\">ideias sobre o que oferecer a um artista amador de acr\u00edlicos.<\/span><\/a><\/p>\n<h3>Pintura por n\u00fameros<\/h3>\n<p>Independentemente da t\u00e9cnica com que trabalhe, temos <strong>o melhor presente para pintores aficionados.<\/strong> Neste caso, estamos a falar de <a href=\"https:\/\/totenart.pt\/outros-produtos-161\/kits-e-conjuntos-completos\/pintura-por-numeros?utm_source=post&amp;utm_medium=o-que-oferecer&amp;utm_campaign=aficionado\" target=\"_blank\" rel=\"noopener\">pintura por n\u00fameros<\/a>. Esta t\u00e9cnica, que est\u00e1 a triunfar a n\u00edvel mundial, consiste em pintar um quadro dividido por n\u00fameros. Cada n\u00famero \u00e9 equivalente a um frasco de cor.<\/p>\n<p><img loading=\"lazy\" decoding=\"async\" class=\"size-full wp-image-19268 aligncenter\" src=\"https:\/\/totenart.pt\/blog\/wp-content\/uploads\/2021\/06\/pintura-con-numeros-1-1.jpg\" alt=\"\" width=\"700\" height=\"203\" srcset=\"https:\/\/totenart.pt\/blog\/wp-content\/uploads\/2021\/06\/pintura-con-numeros-1-1.jpg 700w, https:\/\/totenart.pt\/blog\/wp-content\/uploads\/2021\/06\/pintura-con-numeros-1-1-300x87.jpg 300w\" sizes=\"auto, (max-width: 700px) 100vw, 700px\" \/><\/p>\n<p>Estes <strong>kits de pintura por n\u00fameros incluem tudo o que um pintor amador precisa<\/strong> para apreciar a pintura. Basta abrir o conjunto, escolher um pincel e come\u00e7ar a preencher as \u00e1reas de acordo com o c\u00f3digo de cores. Resultados garantidos!<\/p>\n","protected":false},"excerpt":{"rendered":"<p>O que oferecer a um pintor aficionado? Eu sei, eu compreendo, n\u00e3o se sabe o que presentear a algu\u00e9m que gosta de pintar&#8230; Fazer um presente para um artista amador pode ser complexo. Por esta raz\u00e3o, prepar\u00e1mos uma p\u00e1gina com algumas das nossas ideias de presentes para um pintor aficionado. No entanto, tal como para [&hellip;]<\/p>\n","protected":false},"author":17,"featured_media":17725,"parent":17476,"menu_order":0,"comment_status":"closed","ping_status":"closed","template":"","meta":{"footnotes":""},"class_list":["post-17710","page","type-page","status-publish","has-post-thumbnail","hentry"],"_links":{"self":[{"href":"https:\/\/totenart.pt\/blog\/wp-json\/wp\/v2\/pages\/17710","targetHints":{"allow":["GET"]}}],"collection":[{"href":"https:\/\/totenart.pt\/blog\/wp-json\/wp\/v2\/pages"}],"about":[{"href":"https:\/\/totenart.pt\/blog\/wp-json\/wp\/v2\/types\/page"}],"author":[{"embeddable":true,"href":"https:\/\/totenart.pt\/blog\/wp-json\/wp\/v2\/users\/17"}],"replies":[{"embeddable":true,"href":"https:\/\/totenart.pt\/blog\/wp-json\/wp\/v2\/comments?post=17710"}],"version-history":[{"count":3,"href":"https:\/\/totenart.pt\/blog\/wp-json\/wp\/v2\/pages\/17710\/revisions"}],"predecessor-version":[{"id":19278,"href":"https:\/\/totenart.pt\/blog\/wp-json\/wp\/v2\/pages\/17710\/revisions\/19278"}],"up":[{"embeddable":true,"href":"https:\/\/totenart.pt\/blog\/wp-json\/wp\/v2\/pages\/17476"}],"wp:featuredmedia":[{"embeddable":true,"href":"https:\/\/totenart.pt\/blog\/wp-json\/wp\/v2\/media\/17725"}],"wp:attachment":[{"href":"https:\/\/totenart.pt\/blog\/wp-json\/wp\/v2\/media?parent=17710"}],"curies":[{"name":"wp","href":"https:\/\/api.w.org\/{rel}","templated":true}]}}