{"id":17735,"date":"2021-02-18T14:53:07","date_gmt":"2021-02-18T13:53:07","guid":{"rendered":"https:\/\/totenart.pt\/blog\/?page_id=17735"},"modified":"2023-07-07T11:49:16","modified_gmt":"2023-07-07T09:49:16","slug":"desenho","status":"publish","type":"page","link":"https:\/\/totenart.pt\/blog\/o-que-oferecer\/desenho\/","title":{"rendered":"O que oferecer a algu\u00e9m que gosta de desenhar"},"content":{"rendered":"<p>Se n\u00e3o sabes o que dar a algu\u00e9m que gosta de desenhar&#8230; N\u00e3o te preocupes! Temos muitas ideias de <strong>presentes para desenhistas:<\/strong><\/p>\n<h2>O que dar de presente a um debuxante aficionado<\/h2>\n<h3>Set completo de desenho<\/h3>\n<p>Um presente ideal para as pessoas que est\u00e3o apenas a come\u00e7ar a desenhar s\u00e3o os Sets de Desenho. Como podes ver abaixo, a marca Royal&amp;Lagnickel tem uma grande variedade de <a href=\"https:\/\/totenart.com\/royal-langnickel?cat=893&amp;utm_source=post&amp;utm_medium=o-que-oferecer&amp;utm_campaign=desenho\" target=\"_blank\" rel=\"noopener noreferrer\"><span style=\"text-decoration: underline;\">malas de desenho<\/span><\/a> perfeitos para principiantes:<\/p>\n<p><img loading=\"lazy\" decoding=\"async\" class=\"size-full wp-image-17738 aligncenter\" src=\"https:\/\/totenart.pt\/blog\/wp-content\/uploads\/2021\/02\/maletines-royal-1.jpg\" alt=\"\" width=\"700\" height=\"231\" srcset=\"https:\/\/totenart.pt\/blog\/wp-content\/uploads\/2021\/02\/maletines-royal-1.jpg 700w, https:\/\/totenart.pt\/blog\/wp-content\/uploads\/2021\/02\/maletines-royal-1-300x99.jpg 300w\" sizes=\"auto, (max-width: 700px) 100vw, 700px\" \/><\/p>\n<p>Estes sets para desenhadores incluem tudo o que precisa numa comfot\u00e1vel mala. A nossa recomenda\u00e7\u00e3o \u00e9 a <a href=\"https:\/\/totenart.pt\/conjunto-iniciacao-desenho-sketching-66-pecas-royal-langnickel?utm_source=post&amp;utm_medium=o-que-oferecer&amp;utm_campaign=desenho\" target=\"_blank\" rel=\"noopener noreferrer\"><span style=\"text-decoration: underline;\">mala de sketching<\/span><\/a> de 66 pe\u00e7as. Um presente para se tornar um profissional!<\/p>\n<h3>Sketchbook, para que ele\/ela possa praticar em todas partes!<\/h3>\n<p>Sem d\u00favida, a melhor coisa que um artista que est\u00e1 apenas a come\u00e7ar a desenhar pode fazer \u00e9 praticar. Por esta raz\u00e3o, acreditamos que um dos melhores presentes que lhes podes dar \u00e9 um <span style=\"text-decoration: underline;\"><a href=\"https:\/\/totenart.pt\/papeis\/blocos-de-viagem?utm_source=post&amp;utm_medium=o-que-oferecer&amp;utm_campaign=desenho\" target=\"_blank\" rel=\"noopener noreferrer\">caderno de desenho<\/a><\/span>. Se ofereceres um sketchbook confort\u00e1vel a um artista, eles podem sempre lev\u00e1-lo consigo e praticar em qualquer lugar.<\/p>\n<p><img loading=\"lazy\" decoding=\"async\" class=\"size-full wp-image-17739 aligncenter\" src=\"https:\/\/totenart.pt\/blog\/wp-content\/uploads\/2021\/02\/cuaderno-sketchbook-viaje-1.jpg\" alt=\"\" width=\"700\" height=\"343\" srcset=\"https:\/\/totenart.pt\/blog\/wp-content\/uploads\/2021\/02\/cuaderno-sketchbook-viaje-1.jpg 700w, https:\/\/totenart.pt\/blog\/wp-content\/uploads\/2021\/02\/cuaderno-sketchbook-viaje-1-300x147.jpg 300w\" sizes=\"auto, (max-width: 700px) 100vw, 700px\" \/><\/p>\n<p>H\u00e1 todo o tipo de sketchbooks no mercado, mas os nossos favoritos s\u00e3o os <strong>blocos de desenho da Art Creation.<\/strong> Esta linha destaca-se pelo seu vasto cat\u00e1logo e pelo seu pre\u00e7o: <strong>podes encontr\u00e1-los a partir de 2 euros.<\/strong> Mas lembrem-se, o importante \u00e9 que o artista leva o seu bloco de desenho com ele para todas partes!<\/p>\n<h3>Curso para aprender a desenhar<\/h3>\n<p>Uma das nossas ideias favoritas para presentes para um amante de desenho \u00e9 um curso. Se quiseres dar um presente a algu\u00e9m que gosta de desenhar mas n\u00e3o sabe desenhar, n\u00f3s temos o presente perfeito para ti. Gra\u00e7as ao curso de Desenho para principiantes, qualquer pessoa poder\u00e1 come\u00e7ar no mundo do desenho. Independentemente do n\u00edvel, qualquer amante do desenho aprender\u00e1 a desenhar<\/p>\n<p style=\"text-align: center;\"><a href=\"https:\/\/domestika.sjv.io\/zNz7xx\" class=\"button \" target=\"_blank\">Acede aqui ao Curso de Desenho para Principiantes n\u00edvel -1<\/a><\/p>\n<h2>Presentes para desenhadores profissionais<\/h2>\n<p>Quando se trata de presentear material de desenho a um artista profissional as coisas complicam-se. \u00c9 por isso que seleccion\u00e1mos alguns presentes originais da nossa gama de alta qualidade:<\/p>\n<h3>Borracha el\u00e9ctrica<\/h3>\n<p>Uma das ferramentas b\u00e1sicas para um desenhador \u00e9 a borracha. Embora possa parecer um presente pouco original, temos a borracha perfeita! A marca Milan combinou tradi\u00e7\u00e3o e inova\u00e7\u00e3o nesta <span style=\"text-decoration: underline;\"><a href=\"https:\/\/totenart.pt\/borracha-eletrica-azul-milan?___store=pt&amp;utm_source=post&amp;utm_medium=o-que-oferecer&amp;utm_campaign=desenho\" target=\"_blank\" rel=\"noopener noreferrer\">borracha el\u00e9ctrica.<\/a><\/span> Este apagador de precis\u00e3o \u00e9 ideal para os artistas mais detalhados. Tamb\u00e9m podes comprar recargas, o que a torna uma op\u00e7\u00e3o muito dur\u00e1vel.<\/p>\n<p><img loading=\"lazy\" decoding=\"async\" class=\"size-full wp-image-17740 aligncenter\" src=\"https:\/\/totenart.pt\/blog\/wp-content\/uploads\/2021\/02\/goma-de-borrar-milan-1.jpg\" alt=\"\" width=\"700\" height=\"230\" srcset=\"https:\/\/totenart.pt\/blog\/wp-content\/uploads\/2021\/02\/goma-de-borrar-milan-1.jpg 700w, https:\/\/totenart.pt\/blog\/wp-content\/uploads\/2021\/02\/goma-de-borrar-milan-1-300x99.jpg 300w\" sizes=\"auto, (max-width: 700px) 100vw, 700px\" \/><\/p>\n<p>Outra op\u00e7\u00e3o, n\u00e3o t\u00e3o moderna mas mais barata e da mesma qualidade, \u00e9 o <span style=\"text-decoration: underline;\"><a href=\"https:\/\/totenart.pt\/outros-produtos-161\/desenho-lapis-estojos-papel-e-acessorios\/carvoes-difuminos-esfuminos-e-borrachas?manufacturer=97&amp;utm_source=post&amp;utm_medium=o-que-oferecer&amp;utm_campaign=desenho\" target=\"_blank\" rel=\"noopener noreferrer\">Tombow Mono Zero.<\/a><\/span> Este <strong>apagador de precis\u00e3o de Tombow<\/strong> destaca-se pela qualidade da sua borracha. Embora n\u00e3o seja um apagador el\u00e9ctrico, \u00e9 muito confort\u00e1vel, preciso e, como dissemos, um presente muito barato.<\/p>\n<h3>Mesa de luz<\/h3>\n<p>Certamente j\u00e1 te apanhaste a fazer um desenho numa janela. As <a href=\"https:\/\/totenart.pt\/equipamento-de-estudio\/mesas-do-luz-e-projetores?utm_source=post&amp;utm_medium=o-que-oferecer&amp;utm_campaign=desenho\" target=\"_blank\" rel=\"noopener noreferrer\"><span style=\"text-decoration: underline;\">mesas de luz<\/span><\/a> simplificam e aceleram o processo para um debuxante. Mesmo que n\u00e3o a utilize diariamente, uma mesa de luz \u00e9 um presente que ter\u00e1 muito uso. Seja para desenhar a partir de um esbo\u00e7o, tra\u00e7ar uma imagem ou criar est\u00eancis.<\/p>\n<h2>Presentes seguros para crian\u00e7as que gostam de desenhar<\/h2>\n<p>Finalmente, se n\u00e3o souberes o que oferecer a uma crian\u00e7a que gosta de desenhar, apresentamos a marca Giotto. Entre os seus produtos, esta empresa italiana criou Giotto Beb\u00e9: uma linha de <a href=\"https:\/\/totenart.pt\/outros-produtos-161\/kits-e-conjuntos-completos\/produtos-infantiles?utm_source=post&amp;utm_medium=o-que-oferecer&amp;utm_campaign=desenho\" target=\"_blank\" rel=\"noopener noreferrer\"><span style=\"text-decoration: underline;\">tintas n\u00e3o t\u00f3xicas para crian\u00e7as<\/span><\/a>. Estas tintas s\u00e3o 100% seguras para crian\u00e7as a partir dos 2 anos de idade: al\u00e9m de serem feitas com <strong>ingredientes naturais,<\/strong> s\u00e3o testadas dermatologicamente. Na sua gama podes encontrar <strong>tintas para crian\u00e7as, l\u00e1pis, l\u00e1pis de cera, marcadores e at\u00e9 argila para modelar.<\/strong><\/p>\n<p><img loading=\"lazy\" decoding=\"async\" class=\"size-full wp-image-17741 aligncenter\" src=\"https:\/\/totenart.pt\/blog\/wp-content\/uploads\/2021\/02\/totenart-ni\u00f1a-que-le-gusta-dibujar.jpg\" alt=\"\" width=\"700\" height=\"323\" srcset=\"https:\/\/totenart.pt\/blog\/wp-content\/uploads\/2021\/02\/totenart-ni\u00f1a-que-le-gusta-dibujar.jpg 700w, https:\/\/totenart.pt\/blog\/wp-content\/uploads\/2021\/02\/totenart-ni\u00f1a-que-le-gusta-dibujar-300x138.jpg 300w\" sizes=\"auto, (max-width: 700px) 100vw, 700px\" \/><\/p>\n<p>Para al\u00e9m da linha Giotto Baby, a marca inclui <strong>brinquedos para crian\u00e7as que gostam de desenhar.<\/strong> Entre eles, encontramos um dos nossos favoritos, o <a href=\"https:\/\/totenart.pt\/giotto-maxi-art-lab-color-puzzle-pt?___store=pt&amp;utm_source=post&amp;utm_medium=o-que-oferecer&amp;utm_campaign=desenho\" target=\"_blank\" rel=\"noopener noreferrer\"><span style=\"text-decoration: underline;\">set para criar puzzles<\/span><\/a> de Giotto.<\/p>\n<h3>Kit de inicia\u00e7\u00e3o \u00e0 pintura<\/h3>\n<p>Finalmente, se a idade permitir, um dos melhores presentes para uma crian\u00e7a que gosta de desenhar \u00e9 um <a href=\"https:\/\/totenart.pt\/outros-produtos-161\/kits-e-conjuntos-completos\/conjuntos-de-pintura-de-presente?tipo_de_estuche_de_pintura=1123&amp;utm_source=post&amp;utm_medium=o-que-oferecer&amp;utm_campaign=desenho\" target=\"_blank\" rel=\"noopener noreferrer\"><span style=\"text-decoration: underline;\">set de presente<\/span>.<\/a> Estes conjuntos incluem tudo o que precisam para experimentar todas as t\u00e9cnicas art\u00edsticas. Al\u00e9m disso, eles v\u00eam em c\u00f3modas malas de transporte. Com certeza esta prenda vai ser todo um sucesso!<\/p>\n<p><img loading=\"lazy\" decoding=\"async\" class=\"size-full wp-image-17742 aligncenter\" src=\"https:\/\/totenart.pt\/blog\/wp-content\/uploads\/2021\/02\/kit-regalo-multi-tecnica-1.jpg\" alt=\"\" width=\"700\" height=\"230\" srcset=\"https:\/\/totenart.pt\/blog\/wp-content\/uploads\/2021\/02\/kit-regalo-multi-tecnica-1.jpg 700w, https:\/\/totenart.pt\/blog\/wp-content\/uploads\/2021\/02\/kit-regalo-multi-tecnica-1-300x99.jpg 300w\" sizes=\"auto, (max-width: 700px) 100vw, 700px\" \/><\/p>\n<p>Se esta mala multit\u00e9cnica for demasiado para ti, podes optar por um <span style=\"text-decoration: underline;\"><a href=\"https:\/\/totenart.pt\/outros-produtos-161\/kits-e-conjuntos-completos\/kits-de-iniciacion?utm_source=post&amp;utm_medium=o-que-oferecer&amp;utm_campaign=desenho\" target=\"_blank\" rel=\"noopener noreferrer\">set de inicia\u00e7\u00e3o.<\/a><\/span> Encontra estes conjuntos em todos os pre\u00e7os, um presente ideal para um pequeno amante da arte!<\/p>\n","protected":false},"excerpt":{"rendered":"<p>Se n\u00e3o sabes o que dar a algu\u00e9m que gosta de desenhar&#8230; N\u00e3o te preocupes! Temos muitas ideias de presentes para desenhistas: O que dar de presente a um debuxante aficionado Set completo de desenho Um presente ideal para as pessoas que est\u00e3o apenas a come\u00e7ar a desenhar s\u00e3o os Sets de Desenho. Como podes [&hellip;]<\/p>\n","protected":false},"author":17,"featured_media":17746,"parent":17476,"menu_order":0,"comment_status":"closed","ping_status":"closed","template":"","meta":{"footnotes":""},"class_list":["post-17735","page","type-page","status-publish","has-post-thumbnail","hentry"],"_links":{"self":[{"href":"https:\/\/totenart.pt\/blog\/wp-json\/wp\/v2\/pages\/17735","targetHints":{"allow":["GET"]}}],"collection":[{"href":"https:\/\/totenart.pt\/blog\/wp-json\/wp\/v2\/pages"}],"about":[{"href":"https:\/\/totenart.pt\/blog\/wp-json\/wp\/v2\/types\/page"}],"author":[{"embeddable":true,"href":"https:\/\/totenart.pt\/blog\/wp-json\/wp\/v2\/users\/17"}],"replies":[{"embeddable":true,"href":"https:\/\/totenart.pt\/blog\/wp-json\/wp\/v2\/comments?post=17735"}],"version-history":[{"count":5,"href":"https:\/\/totenart.pt\/blog\/wp-json\/wp\/v2\/pages\/17735\/revisions"}],"predecessor-version":[{"id":26434,"href":"https:\/\/totenart.pt\/blog\/wp-json\/wp\/v2\/pages\/17735\/revisions\/26434"}],"up":[{"embeddable":true,"href":"https:\/\/totenart.pt\/blog\/wp-json\/wp\/v2\/pages\/17476"}],"wp:featuredmedia":[{"embeddable":true,"href":"https:\/\/totenart.pt\/blog\/wp-json\/wp\/v2\/media\/17746"}],"wp:attachment":[{"href":"https:\/\/totenart.pt\/blog\/wp-json\/wp\/v2\/media?parent=17735"}],"curies":[{"name":"wp","href":"https:\/\/api.w.org\/{rel}","templated":true}]}}