{"id":17807,"date":"2022-02-01T15:08:18","date_gmt":"2022-02-01T14:08:18","guid":{"rendered":"https:\/\/totenart.pt\/blog\/?page_id=17807"},"modified":"2023-07-03T09:41:13","modified_gmt":"2023-07-03T07:41:13","slug":"dia-do-pai","status":"publish","type":"page","link":"https:\/\/totenart.pt\/blog\/o-que-oferecer\/datas-especiais\/dia-do-pai\/","title":{"rendered":"Prendas para pais artistas: Dia do Pai"},"content":{"rendered":"<h1>Ideias para prendas no Dia do Pai<\/h1>\n<p>O Dia do Pai est\u00e1 a chegar e mais uma vez estamos todos \u00e0 procura de presentes para os pais mais art\u00edsticos. Neste posto deixamos-te algumas <strong>ideias de presentes para o Dia do Pai:<\/strong><\/p>\n<h3>Zentangle<\/h3>\n<p>Para come\u00e7ar as <strong>nossas recomenda\u00e7\u00f5es de presentes para o Dia do Pai,<\/strong> deixamo-vos com um presente muito original. Mesmo que o teu pai n\u00e3o seja um artista, n\u00e3o percas a oportunidade de lhe dar paz de esp\u00edrito. Embora seja imposs\u00edvel dar-lhe um estilo de vida pac\u00edfico, podes come\u00e7ar por lhe <strong>dar um kit Zentangle<\/strong> com todos os <a href=\"https:\/\/totenart.pt\/blog\/tutoriais\/5-motivos-iniciar-se-zentangle\/?utm_source=post&amp;utm_medium=o-que-oferecer&amp;utm_campaign=dia-do-pai\" target=\"_blank\" rel=\"noopener noreferrer\"><span style=\"text-decoration: underline;\">benef\u00edcios<\/span> <\/a>que isso inclui:<\/p>\n<div id=\"attachment_17812\" style=\"width: 710px\" class=\"wp-caption aligncenter\"><img loading=\"lazy\" decoding=\"async\" aria-describedby=\"caption-attachment-17812\" class=\"wp-image-17812 size-full\" src=\"https:\/\/totenart.pt\/blog\/wp-content\/uploads\/2021\/03\/zentangle-kit-1.jpg\" alt=\"\" width=\"700\" height=\"225\" srcset=\"https:\/\/totenart.pt\/blog\/wp-content\/uploads\/2021\/03\/zentangle-kit-1.jpg 700w, https:\/\/totenart.pt\/blog\/wp-content\/uploads\/2021\/03\/zentangle-kit-1-300x96.jpg 300w\" sizes=\"auto, (max-width: 700px) 100vw, 700px\" \/><p id=\"caption-attachment-17812\" class=\"wp-caption-text\"><a href=\"https:\/\/totenart.pt\/outros-produtos-175\/desenho-lapis-estojos-papel-e-acessorios\/produtos-para-zentangle?utm_source=post&amp;utm_medium=o-que-oferecer&amp;utm_campaign=dia-do-pai\" target=\"_blank\" rel=\"noopener\">Materiais para Zentangle<\/a><\/p><\/div>\n<p>Para aqueles que n\u00e3o sabem, <strong>o zentangle \u00e9 uma t\u00e9cnica art\u00edstica cheia de benef\u00edcios para aqueles que a praticam.<\/strong> Al\u00e9m disso, os materiais s\u00e3o poucos e facilmente dispon\u00edveis. Se quiseres oferecer zentangle como presente podes optar por um <a href=\"https:\/\/totenart.pt\/outros-produtos-161\/desenho-lapis-estojos-papel-e-acessorios\/produtos-para-zentangle?utm_source=post&amp;utm_medium=o-que-oferecer&amp;utm_campaign=dia-do-pai\" target=\"_blank\" rel=\"noopener noreferrer\"><span style=\"text-decoration: underline;\">kit para zentangle<\/span><\/a> ou fazer tu mesmo um conjunto com alguns materiais. Eis a nossa proposta:<\/p>\n<ul>\n<li><a href=\"https:\/\/totenart.pt\/outras-pinturas\/marcadores\/todos-os-marcadores\/marcadores-calibrados-pigma-micron-sakura-y-staedtler?utm_source=post&amp;utm_medium=o-que-oferecer&amp;utm_campaign=dia-do-pai\" target=\"_blank\" rel=\"noopener noreferrer\"><span style=\"text-decoration: underline;\">Marcadores calibrados<\/span><\/a><\/li>\n<li><a href=\"https:\/\/totenart.pt\/papeis\/blocos-de-viagem?utm_source=post&amp;utm_medium=o-que-oferecer&amp;utm_campaign=dia-do-pai\" target=\"_blank\" rel=\"noopener noreferrer\"><span style=\"text-decoration: underline;\">Bloco de desenho<\/span><\/a><\/li>\n<li>L\u00e1pis e borracha<\/li>\n<\/ul>\n<p>Al\u00e9m disso, se estiveres \u00e0 procura de <strong>completar um presente para o Dia do Pai,<\/strong> podes dar um <span style=\"text-decoration: underline;\"><a href=\"https:\/\/totenart.pt\/caderno-passo-a-passo-aprenda-zentangle-talens-em-espanhol?___store=pt&amp;utm_source=post&amp;utm_medium=o-que-oferecer&amp;utm_campaign=dia-do-pai\" target=\"_blank\" rel=\"noopener noreferrer\">caderno Zentangle.<\/a><\/span> Desta forma far\u00e1s com que o teu pai comece a trabalhar nesta t\u00e9cnica que \u00e9 t\u00e3o beneficiosa para a sua sa\u00fade.<\/p>\n<h3>Estojos-Presente<\/h3>\n<p>Se est\u00e1s \u00e0 procura de um <strong>presente para um pai que gosta de desenhar,<\/strong> sugerimos outro estilo de presente. Neste caso, uma boa op\u00e7\u00e3o para ter sucesso com o teu presente \u00e9 procurar um bom estojo de desenho. Entre os nossos favoritos est\u00e1 a gama <a href=\"https:\/\/totenart.pt\/outros-produtos-161\/desenho-lapis-estojos-papel-e-acessorios\/kits-e-conjuntos-de-desenho?manufacturer=14&amp;utm_source=post&amp;utm_medium=o-que-oferecer&amp;utm_campaign=dia-do-pai\" target=\"_blank\" rel=\"noopener noreferrer\"><span style=\"text-decoration: underline;\">Studio Collection da Winsor e Newton.<\/span><\/a> Esta linha inclui todo o tipo de caixas de desenho e pintura.<\/p>\n<div id=\"attachment_17813\" style=\"width: 710px\" class=\"wp-caption aligncenter\"><img loading=\"lazy\" decoding=\"async\" aria-describedby=\"caption-attachment-17813\" class=\"wp-image-17813 size-full\" src=\"https:\/\/totenart.pt\/blog\/wp-content\/uploads\/2021\/03\/studio-collection-optim-1.jpg\" alt=\"\" width=\"700\" height=\"231\" srcset=\"https:\/\/totenart.pt\/blog\/wp-content\/uploads\/2021\/03\/studio-collection-optim-1.jpg 700w, https:\/\/totenart.pt\/blog\/wp-content\/uploads\/2021\/03\/studio-collection-optim-1-300x99.jpg 300w\" sizes=\"auto, (max-width: 700px) 100vw, 700px\" \/><p id=\"caption-attachment-17813\" class=\"wp-caption-text\">L\u00e1pis de cor <a href=\"https:\/\/totenart.pt\/outros-produtos-175\/desenho-lapis-estojos-papel-e-acessorios\/produtos-para-zentangle?utm_source=post&amp;utm_medium=o-que-oferecer&amp;utm_campaign=dia-do-pai\" target=\"_blank\" rel=\"noopener\">Studio Collection<\/a><\/p><\/div>\n<p>A nossa recomenda\u00e7\u00e3o para um presente para o teu pai \u00e9 que escolhas um <a href=\"https:\/\/totenart.pt\/outros-produtos-161\/desenho-lapis-estojos-papel-e-acessorios\/kits-e-conjuntos-de-desenho?color=118&amp;manufacturer=14&amp;utm_source=post&amp;utm_medium=o-que-oferecer&amp;utm_campaign=dia-do-pai\" target=\"_blank\" rel=\"noopener noreferrer\"><span style=\"text-decoration: underline;\">estojo para sketch.<\/span><\/a> Estes incluem <strong>tudo o que ele precisa para desenhar com materiais de alta qualidade.<\/strong> Al\u00e9m disso, a caixa met\u00e1lica torna-o um kit muito elegante.<\/p>\n<p>Se continuarmos com os presentes elegantes para o teu pai artista, temos a op\u00e7\u00e3o perfeita. No caso do teu pai pintar com l\u00e1pis de cor, a marca Bruynzeel lan\u00e7ou uma edi\u00e7\u00e3o limitada muito original. Nesta edi\u00e7\u00e3o, em honra do <strong>Rijkmuseum<\/strong> h\u00e1 um bocado de tudo. Procura e encontra caixas de pintura entre toda a <a href=\"https:\/\/totenart.pt\/outros-produtos-161\/desenho-lapis-estojos-papel-e-acessorios\/kits-e-conjuntos-de-desenho?manufacturer=813&amp;utm_source=post&amp;utm_medium=o-que-oferecer&amp;utm_campaign=dia-do-pai\" target=\"_blank\" rel=\"noopener noreferrer\"><span style=\"text-decoration: underline;\">edi\u00e7\u00e3o especial da Bruynzeel.<\/span><\/a> Ideal para <strong>completar o teu presente do Dia do Pai.<\/strong><\/p>\n<h3>Sets de caligrafia<\/h3>\n<p><strong>Se o teu pai gosta de escrever,<\/strong> entre todos os presentes art\u00edsticos do Dia do Pai, h\u00e1 algo para ti. Os <a href=\"https:\/\/totenart.pt\/outras-pinturas\/tinta-da-china-e-de-desenho\/conjuntos-e-estojos-de-escrita-com-tinta?utm_source=post&amp;utm_medium=o-que-oferecer&amp;utm_campaign=dia-do-pai\" target=\"_blank\" rel=\"noopener noreferrer\"><span style=\"text-decoration: underline;\">sets de caligrafia<\/span><\/a> s\u00e3o ideais para qualquer entusiasta da escrita. Entre as nossas recomenda\u00e7\u00f5es est\u00e1 o <a href=\"https:\/\/totenart.pt\/conjunto-caligrafia-winsor-newton?___store=pt&amp;utm_source=post&amp;utm_medium=o-que-oferecer&amp;utm_campaign=dia-do-pai\" target=\"_blank\" rel=\"noopener noreferrer\"><span style=\"text-decoration: underline;\">set-presente de caligrafia<\/span><\/a> da Winsor and Newton. Um set muito completo que, al\u00e9m de uma caneta e 5 recargas, inclui 6 tintas, um bloco e um cartaz informativo sobre pintura com tintas.<\/p>\n<div id=\"attachment_17814\" style=\"width: 710px\" class=\"wp-caption aligncenter\"><img loading=\"lazy\" decoding=\"async\" aria-describedby=\"caption-attachment-17814\" class=\"wp-image-17814 size-full\" src=\"https:\/\/totenart.pt\/blog\/wp-content\/uploads\/2021\/03\/winsor-and-newton-kit-caligrafcia-1.jpg\" alt=\"\" width=\"700\" height=\"236\" srcset=\"https:\/\/totenart.pt\/blog\/wp-content\/uploads\/2021\/03\/winsor-and-newton-kit-caligrafcia-1.jpg 700w, https:\/\/totenart.pt\/blog\/wp-content\/uploads\/2021\/03\/winsor-and-newton-kit-caligrafcia-1-300x101.jpg 300w\" sizes=\"auto, (max-width: 700px) 100vw, 700px\" \/><p id=\"caption-attachment-17814\" class=\"wp-caption-text\">Materiais e <a href=\"https:\/\/totenart.pt\/outras-pinturas\/tinta-da-china-e-de-desenho\/conjuntos-e-estojos-de-escrita-com-tinta?utm_source=post&amp;utm_medium=o-que-oferecer&amp;utm_campaign=dia-do-pai\" target=\"_blank\" rel=\"noopener\">estojos de caligrafia<\/a><\/p><\/div>\n<p>Por outro lado, se quiserem <strong>oferecer alguma coisa mais elegante,<\/strong> podem optar pela <span style=\"text-decoration: underline;\"><a href=\"https:\/\/totenart.pt\/caixa-presente-com-caneta-2-tintas-5-canetas?utm_source=post&amp;utm_medium=o-que-oferecer&amp;utm_campaign=dia-do-pai\" target=\"_blank\" rel=\"noopener noreferrer\">caixa de escrita com caneta.<\/a><\/span> \u00c9 um presente ideal para um pai que gosta de escrever com bico, pois inclui duas tintas e 5 bicos num estojo muito confort\u00e1vel.<\/p>\n<h3>Kits de inicia\u00e7\u00e3o<\/h3>\n<p>Finalmente, se quiseres surpreender com o presente do Dia do seu Pai, propomos um presente que nunca falha: <strong>presentea arte<\/strong>. Quer o teu pai goste de desenhar sobre toalhas de mesa em bares quer se nunca pegou num l\u00e1pis na vida dele, um <a href=\"https:\/\/totenart.pt\/outros-produtos-161\/kits-e-conjuntos-completos\/kits-de-iniciacion?utm_source=post&amp;utm_medium=o-que-oferecer&amp;utm_campaign=dia-do-pai\" target=\"_blank\" rel=\"noopener noreferrer\"><span style=\"text-decoration: underline;\">kit de inicia\u00e7\u00e3o<\/span><\/a> vai deix\u00e1-lo muito feliz.<\/p>\n<div id=\"attachment_17815\" style=\"width: 710px\" class=\"wp-caption aligncenter\"><img loading=\"lazy\" decoding=\"async\" aria-describedby=\"caption-attachment-17815\" class=\"wp-image-17815 size-full\" src=\"https:\/\/totenart.pt\/blog\/wp-content\/uploads\/2021\/03\/set-de-iniciacion-regalo-papa-1.jpg\" alt=\"\" width=\"700\" height=\"229\" srcset=\"https:\/\/totenart.pt\/blog\/wp-content\/uploads\/2021\/03\/set-de-iniciacion-regalo-papa-1.jpg 700w, https:\/\/totenart.pt\/blog\/wp-content\/uploads\/2021\/03\/set-de-iniciacion-regalo-papa-1-300x98.jpg 300w\" sizes=\"auto, (max-width: 700px) 100vw, 700px\" \/><p id=\"caption-attachment-17815\" class=\"wp-caption-text\"><a href=\"https:\/\/totenart.pt\/outros-produtos-175\/kits-e-conjuntos-completos\/kits-de-iniciacion?utm_source=post&amp;utm_medium=o-que-oferecer&amp;utm_campaign=dia-do-pai\" target=\"_blank\" rel=\"noopener\">Kits de inicia\u00e7\u00e3o<\/a> \u00e0 pintura<\/p><\/div>\n<p>Entre a gama de <strong>kits de inicia\u00e7\u00e3o podes encontrar todas as t\u00e9cnicas.<\/strong> A nossa recomenda\u00e7\u00e3o \u00e9 que optes por um <a href=\"https:\/\/totenart.pt\/kit-completo-para-pintura-pt?___store=pt&amp;utm_source=post&amp;utm_medium=o-que-oferecer&amp;utm_campaign=dia-do-pai\" target=\"_blank\" rel=\"noopener noreferrer\"><span style=\"text-decoration: underline;\">kit de pintura completo,<\/span><\/a> mas se o teu pai n\u00e3o gostar muito de pinc\u00e9is, podes optar por um <a href=\"https:\/\/totenart.pt\/conjunto-iniciacao-desenho-sketch-draw-32-pecas-royal-langnickel?___store=pt&amp;utm_source=post&amp;utm_medium=o-que-oferecer&amp;utm_campaign=dia-do-pai\" target=\"_blank\" rel=\"noopener noreferrer\"><span style=\"text-decoration: underline;\">kit de desenho para principiantes.<\/span><\/a><\/p>\n<h3>Ideias de prendas para pais com beb\u00e9s<\/h3>\n<p>Caso n\u00e3o sejas o filho ou filha mas pretendas dar um <strong>presente a um novo pai,<\/strong> temos algumas sugest\u00f5es para ti. Entre as nossas ideias de presentes para pais com beb\u00e9s est\u00e1 a gama Giotto de <span style=\"text-decoration: underline;\"><a href=\"https:\/\/totenart.pt\/outros-produtos-161\/kits-e-conjuntos-completos\/produtos-infantiles?utm_source=post&amp;utm_medium=o-que-oferecer&amp;utm_campaign=dia-do-pai\" target=\"_blank\" rel=\"noopener noreferrer\">pintura para beb\u00e9s.<\/a><\/span><\/p>\n<div id=\"attachment_17816\" style=\"width: 710px\" class=\"wp-caption aligncenter\"><img loading=\"lazy\" decoding=\"async\" aria-describedby=\"caption-attachment-17816\" class=\"wp-image-17816 size-full\" src=\"https:\/\/totenart.pt\/blog\/wp-content\/uploads\/2021\/03\/sets-regalo-para-regalar-giotto-be-be.jpg\" alt=\"\" width=\"700\" height=\"247\" srcset=\"https:\/\/totenart.pt\/blog\/wp-content\/uploads\/2021\/03\/sets-regalo-para-regalar-giotto-be-be.jpg 700w, https:\/\/totenart.pt\/blog\/wp-content\/uploads\/2021\/03\/sets-regalo-para-regalar-giotto-be-be-300x106.jpg 300w\" sizes=\"auto, (max-width: 700px) 100vw, 700px\" \/><p id=\"caption-attachment-17816\" class=\"wp-caption-text\">Set de <a href=\"https:\/\/totenart.pt\/outros-produtos-175\/kits-e-conjuntos-completos\/produtos-infantiles?utm_source=post&amp;utm_medium=o-que-oferecer&amp;utm_campaign=dia-do-pai\" target=\"_blank\" rel=\"noopener\">pintura para beb\u00e9s<\/a><\/p><\/div>\n<p>O melhor deste presente \u00e9 que ele ser\u00e1 apreciado tanto pelos pais como pelas crian\u00e7as. A pintura \u00e9 uma das <strong>melhores formas de encorajar o engenho das crian\u00e7as<\/strong> desde muito pequenas: a partir dos 15 meses, as crian\u00e7as podem come\u00e7ar a rabiscar, depois a fazer formas, e finalmente representar o seu ambiente.<\/p>\n<p>Os nossos favoritos s\u00e3o os <span style=\"text-decoration: underline;\"><a href=\"https:\/\/totenart.pt\/giotto-bebe-my-farm?___store=pt&amp;utm_source=post&amp;utm_medium=o-que-oferecer&amp;utm_campaign=dia-do-pai\" target=\"_blank\" rel=\"noopener noreferrer\">kits de argila para modelar,<\/a><\/span> porque n\u00e3o t\u00eam limites. As crian\u00e7as podem utiliz\u00e1-los para <strong>modelar, pintar ou brincar<\/strong> e o \u00fanico limite \u00e9 a sua imagina\u00e7\u00e3o. Um presente para pais com filhos novinhos que ir\u00e1 criar uma liga\u00e7\u00e3o muito mais forte entre eles!<\/p>\n<h2>Cursos de pintura<\/h2>\n<p>Outra op\u00e7\u00e3o para pais que gostam de arte \u00e9 dar um curso, entre a oferta de cursos online podes encontrar o que precisares: cursos de pintura, de desenho, de artesanato e at\u00e9 de carpintaria. Estes <strong>cursos s\u00e3o perfeitos para qualquer pai artista j\u00e1 que podem ser realizados ao seu ritmo e a partir de qualquer dispositivo.<\/strong> Encontra o curso de arte mais adequado para o teu pai e presentea criatividade:<\/p>\n<p style=\"text-align: center;\"><a href=\"https:\/\/domestika.sjv.io\/rQEWPB\" class=\"button \" target=\"_blank\">Cursos de pintura ao melhor pre\u00e7o<\/a><\/p>\n","protected":false},"excerpt":{"rendered":"<p>Ideias para prendas no Dia do Pai O Dia do Pai est\u00e1 a chegar e mais uma vez estamos todos \u00e0 procura de presentes para os pais mais art\u00edsticos. Neste posto deixamos-te algumas ideias de presentes para o Dia do Pai: Zentangle Para come\u00e7ar as nossas recomenda\u00e7\u00f5es de presentes para o Dia do Pai, deixamo-vos [&hellip;]<\/p>\n","protected":false},"author":14,"featured_media":17808,"parent":17478,"menu_order":0,"comment_status":"closed","ping_status":"closed","template":"","meta":{"footnotes":""},"class_list":["post-17807","page","type-page","status-publish","has-post-thumbnail","hentry"],"_links":{"self":[{"href":"https:\/\/totenart.pt\/blog\/wp-json\/wp\/v2\/pages\/17807","targetHints":{"allow":["GET"]}}],"collection":[{"href":"https:\/\/totenart.pt\/blog\/wp-json\/wp\/v2\/pages"}],"about":[{"href":"https:\/\/totenart.pt\/blog\/wp-json\/wp\/v2\/types\/page"}],"author":[{"embeddable":true,"href":"https:\/\/totenart.pt\/blog\/wp-json\/wp\/v2\/users\/14"}],"replies":[{"embeddable":true,"href":"https:\/\/totenart.pt\/blog\/wp-json\/wp\/v2\/comments?post=17807"}],"version-history":[{"count":4,"href":"https:\/\/totenart.pt\/blog\/wp-json\/wp\/v2\/pages\/17807\/revisions"}],"predecessor-version":[{"id":26303,"href":"https:\/\/totenart.pt\/blog\/wp-json\/wp\/v2\/pages\/17807\/revisions\/26303"}],"up":[{"embeddable":true,"href":"https:\/\/totenart.pt\/blog\/wp-json\/wp\/v2\/pages\/17478"}],"wp:featuredmedia":[{"embeddable":true,"href":"https:\/\/totenart.pt\/blog\/wp-json\/wp\/v2\/media\/17808"}],"wp:attachment":[{"href":"https:\/\/totenart.pt\/blog\/wp-json\/wp\/v2\/media?parent=17807"}],"curies":[{"name":"wp","href":"https:\/\/api.w.org\/{rel}","templated":true}]}}