{"id":18135,"date":"2021-03-30T14:19:10","date_gmt":"2021-03-30T12:19:10","guid":{"rendered":"https:\/\/totenart.pt\/blog\/?page_id=18135"},"modified":"2023-06-14T13:31:05","modified_gmt":"2023-06-14T11:31:05","slug":"ilustracao","status":"publish","type":"page","link":"https:\/\/totenart.pt\/blog\/o-que-oferecer\/desenho\/ilustracao\/","title":{"rendered":"O que oferecer a um amante da ilustra\u00e7\u00e3o"},"content":{"rendered":"<h2>Ideias de prendas para ilustradores<\/h2>\n<p>Se tiveres de dar um presente a um ilustrador profissional, temos algo para ti. Neste post damos-te algumas <strong>ideias de presentes para artistas de ilustra\u00e7\u00e3o:<\/strong><\/p>\n<h3>Marcadores para ilustra\u00e7\u00e3o<\/h3>\n<p>Se procuras um presente para um ilustrador existem v\u00e1rias gamas de <strong>marcadores para ilustradores<\/strong> que deves conhecer. Por um lado, concebido para ilustradores profissionais, existe a <a href=\"https:\/\/totenart.pt\/outras-pinturas\/marcadores\/todos-os-marcadores\/marcador-brush-twin-marker-touch?utm_source=post&amp;utm_medium=o-que-oferecer&amp;utm_campaign=ilustracao\" target=\"_blank\" rel=\"noopener\"><span style=\"text-decoration: underline;\">gama Touch Twin de marcadores<\/span><\/a>. Esta linha de marcadores \u00e0 base de \u00e1lcool destaca-se pela sua ponta dupla, picel e biselada, que te permitem chegar a qualquer lugar:<\/p>\n<p><img loading=\"lazy\" decoding=\"async\" class=\"size-full wp-image-18180 aligncenter\" src=\"https:\/\/totenart.pt\/blog\/wp-content\/uploads\/2021\/03\/touch-twin-marker-1.jpg\" alt=\"\" width=\"700\" height=\"237\" srcset=\"https:\/\/totenart.pt\/blog\/wp-content\/uploads\/2021\/03\/touch-twin-marker-1.jpg 700w, https:\/\/totenart.pt\/blog\/wp-content\/uploads\/2021\/03\/touch-twin-marker-1-300x102.jpg 300w\" sizes=\"auto, (max-width: 700px) 100vw, 700px\" \/><\/p>\n<p><strong>Estes marcadores s\u00e3o muito abrangentes e proporcionam um resultado homog\u00e9neo.<\/strong> Al\u00e9m disso, podes encontrar Touch Twin soltos ou comprar o <a href=\"https:\/\/totenart.pt\/outras-pinturas\/marcadores\/casos-de-marcadores?manufacturer=1088&amp;utm_source=post&amp;utm_medium=o-que-oferecer&amp;utm_campaign=ilustracao\" target=\"_blank\" rel=\"noopener\"><span style=\"text-decoration: underline;\">estojo de marcadores Shinhan<\/span><\/a> que melhor te convier. Se estiveres \u00e0 procura de um presente para um ilustrador amador, podes optar por uma gama de <strong>marcadores para principiantes:<\/strong><\/p>\n<p>A nossa recomenda\u00e7\u00e3o s\u00e3o os <a href=\"https:\/\/totenart.pt\/outras-pinturas\/marcadores\/todos-os-marcadores\/marcadores-brushmarker-winsor-newton?utm_source=post&amp;utm_medium=o-que-oferecer&amp;utm_campaign=ilustracao\" target=\"_blank\" rel=\"noopener\"><span style=\"text-decoration: underline;\">marcadores Brushmarker de Winsor e Newton.<\/span><\/a> Tal como os anteriores, estes marcadores \u00e0 base de \u00e1lcool t\u00eam duas pontas, picel e biselada, e oferecem um acabamento muito limpo:<\/p>\n<p><img loading=\"lazy\" decoding=\"async\" class=\"size-full wp-image-18181 aligncenter\" src=\"https:\/\/totenart.pt\/blog\/wp-content\/uploads\/2021\/03\/brush-marker-1.jpg\" alt=\"\" width=\"700\" height=\"234\" srcset=\"https:\/\/totenart.pt\/blog\/wp-content\/uploads\/2021\/03\/brush-marker-1.jpg 700w, https:\/\/totenart.pt\/blog\/wp-content\/uploads\/2021\/03\/brush-marker-1-300x100.jpg 300w\" sizes=\"auto, (max-width: 700px) 100vw, 700px\" \/><\/p>\n<p>Cada gama \u00e9 concebida para um certo n\u00edvel de pr\u00e1tica, mas isto n\u00e3o significa que sejam melhores ou piores. Um ilustrador profissional saber\u00e1 como tirar o m\u00e1ximo partido dos marcadores profissionais, enquanto que, para um ilustrador amador, estes podem ser demasiado.<\/p>\n<h3>Marcadores calibrados para ilustra\u00e7\u00e3o<\/h3>\n<p>Se procuras <strong>completar um presente para algu\u00e9m que gosta de ilustra\u00e7\u00e3o<\/strong> os <a href=\"https:\/\/totenart.pt\/outras-pinturas\/marcadores\/todos-os-marcadores\/marcadores-calibrados-pigma-micron-sakura-y-staedtler?utm_source=post&amp;utm_medium=o-que-oferecer&amp;utm_campaign=ilustracao\" target=\"_blank\" rel=\"noopener\"><span style=\"text-decoration: underline;\">marcadores calibrados<\/span><\/a> s\u00e3o perfeitos. O melhor destes marcadores \u00e9 que podem ser usados para qualquer coisa. Qualquer ilustrador ir\u00e1 gostar de os utilizar em qualquer \u00e2mbito:<\/p>\n<p><img loading=\"lazy\" decoding=\"async\" class=\"size-full wp-image-18182 aligncenter\" src=\"https:\/\/totenart.pt\/blog\/wp-content\/uploads\/2021\/03\/pigma-micron-rotuladores-calibrados-1.jpg\" alt=\"\" width=\"700\" height=\"234\" srcset=\"https:\/\/totenart.pt\/blog\/wp-content\/uploads\/2021\/03\/pigma-micron-rotuladores-calibrados-1.jpg 700w, https:\/\/totenart.pt\/blog\/wp-content\/uploads\/2021\/03\/pigma-micron-rotuladores-calibrados-1-300x100.jpg 300w\" sizes=\"auto, (max-width: 700px) 100vw, 700px\" \/><\/p>\n<p>Os marcadores calibrados s\u00e3o uma ferramenta perfeita e barata para completar um presente. A nossa recomenda\u00e7\u00e3o \u00e9 de <strong>comprar dois marcadores com pontas diferentes:<\/strong> primeiro, um fino como o <a href=\"https:\/\/totenart.pt\/marcador-preto-pigma-micron-sakura-02-030-mm?___store=pt&amp;utm_source=post&amp;utm_medium=o-que-oferecer&amp;utm_campaign=ilustracao\" target=\"_blank\" rel=\"noopener\"><span style=\"text-decoration: underline;\">marcador de 0,3mm<\/span><\/a> para fazer detalhes e um mais grosso como o <a href=\"https:\/\/totenart.pt\/marcador-preto-pigma-brush-sakura\" target=\"_blank\" rel=\"noopener\"><span style=\"text-decoration: underline;\">marcador Pigma Brush<\/span><\/a> para cobrir pequenas sec\u00e7\u00f5es.<\/p>\n<h3>Mesas de luz para decalque<\/h3>\n<p>Muitos ilustradores s\u00e3o tamb\u00e9m animadores. Por essa raz\u00e3o deixamos-te algumas <strong>ideias para dar de presente a um animador ou ilustrador.<\/strong> Quer seja para animar ou ilustrar, as mesas de luz s\u00e3o um presente ideal. Se n\u00e3o souberes <strong>o que presentear a um animador,<\/strong> este dispositivo ser\u00e1 muito \u00fatil. As <a href=\"https:\/\/totenart.pt\/equipamento-de-estudio\/mesas-do-luz-e-projetores?utm_source=post&amp;utm_medium=o-que-oferecer&amp;utm_campaign=ilustracao\" target=\"_blank\" rel=\"noopener\"><span style=\"text-decoration: underline;\">mesas de luz<\/span><\/a> s\u00e3o a evolu\u00e7\u00e3o da janela que todos n\u00f3s us\u00e1vamos para tra\u00e7ar um desenho quando \u00e9ramos mi\u00fados:<\/p>\n<p><img loading=\"lazy\" decoding=\"async\" class=\"size-full wp-image-18183 aligncenter\" src=\"https:\/\/totenart.pt\/blog\/wp-content\/uploads\/2021\/03\/mesas-de-luz-1.jpg\" alt=\"\" width=\"700\" height=\"234\" srcset=\"https:\/\/totenart.pt\/blog\/wp-content\/uploads\/2021\/03\/mesas-de-luz-1.jpg 700w, https:\/\/totenart.pt\/blog\/wp-content\/uploads\/2021\/03\/mesas-de-luz-1-300x100.jpg 300w\" sizes=\"auto, (max-width: 700px) 100vw, 700px\" \/><\/p>\n<p>Gra\u00e7as \u00e0s mesas de luz os ilustradores podem esbo\u00e7ar de uma forma mais simples e limpa. Al\u00e9m disso, ser\u00e3o capazes de fazer diferentes vers\u00f5es do mesmo desenho de uma forma r\u00e1pida.<\/p>\n<h3>Manequins de desenho<\/h3>\n<p>Outro <strong>presente ideal para ilustradores s\u00e3o os manequins de desenho.<\/strong> Gra\u00e7as a eles qualquer artista ser\u00e1 capaz de representar todos os movimentos humanos, seja para desenhar, ilustrar ou animar uma s\u00e9rie de desenhos. Os <a href=\"https:\/\/totenart.pt\/outros-produtos-161\/desenho-lapis-estojos-papel-e-acessorios\/manequins-para-desenho?utm_source=post&amp;utm_medium=o-que-oferecer&amp;utm_campaign=ilustracao\" target=\"_blank\" rel=\"noopener\"><span style=\"text-decoration: underline;\">manequins para desenho<\/span><\/a> est\u00e3o dispon\u00edveis em diferentes tamanhos e formas: podes encontrar tanto figuras humanas como animais.<\/p>\n<p>Gra\u00e7as \u00e0 vasta gama, podes <strong>comprar manequins de desenho em todos os tamanhos e pre\u00e7os.<\/strong> Por exemplo, se quiseres completar um presente podes escolher um <a href=\"https:\/\/totenart.pt\/manequim-articulado-14-cm-madeira-natural?___store=pt&amp;utm_source=post&amp;utm_medium=o-que-oferecer&amp;utm_campaign=ilustracao\" target=\"_blank\" rel=\"noopener\"><span style=\"text-decoration: underline;\">manequim pequeno<\/span><\/a> como presente. Por outro lado, se estiveres \u00e0 procura de um presente completo, podes dar um <a href=\"https:\/\/totenart.pt\/mao-direita-30-cm-madeira-natural?___store=pt\" target=\"_blank\" rel=\"noopener\"><span style=\"text-decoration: underline;\">manequim em forma de m\u00e3o<\/span><\/a>. Para al\u00e9m da sua qualidade, este manequim particular \u00e9 frequentemente muito \u00fatil para muitos artistas.<\/p>\n<h2>Curso de Ilustra\u00e7\u00e3o<\/h2>\n<p>Outro presente perfeito para qualquer artista amante da ilustra\u00e7\u00e3o \u00e9 um curso de ilustra\u00e7\u00e3o. Em <strong>Domestika podes encontrar centenas de cursos de ilustra\u00e7\u00e3o, desenho ou pintura.<\/strong> Se n\u00e3o souberes por onde come\u00e7ar, podes optar por dar um cart\u00e3o de presente v\u00e1lido para um curso. Ent\u00e3o o teu ilustrador ou ilustradora favorita vai escolher o que mais goste. De qualquer forma, vamos fazer uma recomenda\u00e7\u00e3o! Nossa recomenda\u00e7\u00e3o \u00e9 que opte pelo curso de Ilustra\u00e7\u00e3o em aguarela com influ\u00eancia japonesa:<\/p>\n<p style=\"text-align: center;\"><a href=\"https:\/\/domestika.sjv.io\/jr1VMM\" class=\"button \" target=\"_blank\">Acede aqui ao curso de Ilustra\u00e7\u00e3o com influ\u00eancia japonesa<\/a><\/p>\n<h2>O que dar a um designer gr\u00e1fico como presente?<\/h2>\n<p>Muitos ilustradores s\u00e3o tamb\u00e9m designers gr\u00e1ficos. Por esta raz\u00e3o deixamos-te algumas <strong>ideias para dar a um designer gr\u00e1fico<\/strong> que certamente o ajudar\u00e1:<\/p>\n<h3>Aguarelas l\u00edquidas Vallejo<\/h3>\n<p>Um <strong>bom presente para um ilustrador<\/strong> s\u00e3o as <a href=\"https:\/\/totenart.pt\/acuarelas\/cores-de-agua\/aquarelas-liquidas-vallejo?utm_source=post&amp;utm_medium=o-que-oferecer&amp;utm_campaign=ilustracao\" target=\"_blank\" rel=\"noopener\"><span style=\"text-decoration: underline;\">aguarelas l\u00edquidas de Vallejo.<\/span><\/a> Para al\u00e9m da pintura, estas aguarelas s\u00e3o perfeitas para o design gr\u00e1fico. As aguarelas l\u00edquidas de Vallejo n\u00e3o deixam marcas de pincel, pelo que as cores secam lisas e homog\u00e9neas.<\/p>\n<p><img loading=\"lazy\" decoding=\"async\" class=\"size-full wp-image-18184 aligncenter\" src=\"https:\/\/totenart.pt\/blog\/wp-content\/uploads\/2021\/03\/acuarela-liquida-vallejo-2.jpg\" alt=\"\" width=\"700\" height=\"223\" srcset=\"https:\/\/totenart.pt\/blog\/wp-content\/uploads\/2021\/03\/acuarela-liquida-vallejo-2.jpg 700w, https:\/\/totenart.pt\/blog\/wp-content\/uploads\/2021\/03\/acuarela-liquida-vallejo-2-300x96.jpg 300w\" sizes=\"auto, (max-width: 700px) 100vw, 700px\" \/><\/p>\n<p>Devido \u00e0 sua composi\u00e7\u00e3o sem pigmentos estas aguarelas s\u00e3o ideais para esta t\u00e9cnica. Entre os seus usos est\u00e3o obras concebidas para reprodu\u00e7\u00e3o ou mesmo para pintar fotografias. A nossa recomenda\u00e7\u00e3o \u00e9 que <strong>ofere\u00e7as as tr\u00eas cores prim\u00e1rias: azul, vermelho e amarelo.<\/strong> Desta forma, o teu artista poder\u00e1 fazer todas as misturas.<\/p>\n<h3>Materiais para design<\/h3>\n<p>Finalmente, um bom presente para um designer ser\u00e1 sempre material de para design. Neste caso, te sugerimos que optes por uma as nossas <a href=\"https:\/\/totenart.pt\/outros-produtos-161\/desenho-lapis-estojos-papel-e-acessorios\/regras-para-desenho-e-artesanato-art?utm_source=post&amp;utm_medium=o-que-oferecer&amp;utm_campaign=ilustracao\" target=\"_blank\" rel=\"noopener\"><span style=\"text-decoration: underline;\">r\u00e9guas profissionais<\/span><\/a>. A nossa recomenda\u00e7\u00e3o \u00e9 presentear este <a href=\"https:\/\/totenart.pt\/escala-leque-bainha-aluminio-15-cm\" target=\"_blank\" rel=\"noopener\"><span style=\"text-decoration: underline;\">escal\u00edmetro de leque<\/span><\/a>.<\/p>\n<p><img loading=\"lazy\" decoding=\"async\" class=\"size-full wp-image-18185 aligncenter\" src=\"https:\/\/totenart.pt\/blog\/wp-content\/uploads\/2021\/03\/ESCALIMETRO-PROFESIONAL-2-1.jpg\" alt=\"\" width=\"700\" height=\"237\" srcset=\"https:\/\/totenart.pt\/blog\/wp-content\/uploads\/2021\/03\/ESCALIMETRO-PROFESIONAL-2-1.jpg 700w, https:\/\/totenart.pt\/blog\/wp-content\/uploads\/2021\/03\/ESCALIMETRO-PROFESIONAL-2-1-300x102.jpg 300w\" sizes=\"auto, (max-width: 700px) 100vw, 700px\" \/><\/p>\n<p><strong>Um escal\u00edmetro \u00e9 uma r\u00e9gua profissional<\/strong> que mostra escalas diferentes. \u00c9 um presente muito \u00fatil para qualquer designer ou artista!<\/p>\n","protected":false},"excerpt":{"rendered":"<p>Ideias de prendas para ilustradores Se tiveres de dar um presente a um ilustrador profissional, temos algo para ti. Neste post damos-te algumas ideias de presentes para artistas de ilustra\u00e7\u00e3o: Marcadores para ilustra\u00e7\u00e3o Se procuras um presente para um ilustrador existem v\u00e1rias gamas de marcadores para ilustradores que deves conhecer. Por um lado, concebido para [&hellip;]<\/p>\n","protected":false},"author":14,"featured_media":18137,"parent":17735,"menu_order":0,"comment_status":"closed","ping_status":"closed","template":"","meta":{"footnotes":""},"class_list":["post-18135","page","type-page","status-publish","has-post-thumbnail","hentry"],"_links":{"self":[{"href":"https:\/\/totenart.pt\/blog\/wp-json\/wp\/v2\/pages\/18135","targetHints":{"allow":["GET"]}}],"collection":[{"href":"https:\/\/totenart.pt\/blog\/wp-json\/wp\/v2\/pages"}],"about":[{"href":"https:\/\/totenart.pt\/blog\/wp-json\/wp\/v2\/types\/page"}],"author":[{"embeddable":true,"href":"https:\/\/totenart.pt\/blog\/wp-json\/wp\/v2\/users\/14"}],"replies":[{"embeddable":true,"href":"https:\/\/totenart.pt\/blog\/wp-json\/wp\/v2\/comments?post=18135"}],"version-history":[{"count":3,"href":"https:\/\/totenart.pt\/blog\/wp-json\/wp\/v2\/pages\/18135\/revisions"}],"predecessor-version":[{"id":26151,"href":"https:\/\/totenart.pt\/blog\/wp-json\/wp\/v2\/pages\/18135\/revisions\/26151"}],"up":[{"embeddable":true,"href":"https:\/\/totenart.pt\/blog\/wp-json\/wp\/v2\/pages\/17735"}],"wp:featuredmedia":[{"embeddable":true,"href":"https:\/\/totenart.pt\/blog\/wp-json\/wp\/v2\/media\/18137"}],"wp:attachment":[{"href":"https:\/\/totenart.pt\/blog\/wp-json\/wp\/v2\/media?parent=18135"}],"curies":[{"name":"wp","href":"https:\/\/api.w.org\/{rel}","templated":true}]}}