{"id":18643,"date":"2021-05-11T12:43:42","date_gmt":"2021-05-11T10:43:42","guid":{"rendered":"https:\/\/totenart.pt\/blog\/?page_id=18643"},"modified":"2021-08-30T13:15:59","modified_gmt":"2021-08-30T11:15:59","slug":"pintor-profissional","status":"publish","type":"page","link":"https:\/\/totenart.pt\/blog\/o-que-oferecer\/pintor-profissional\/","title":{"rendered":"O que oferecer a um artista profissional?"},"content":{"rendered":"<h1>O que oferecer a um artista profissional?<\/h1>\n<p>O tempo est\u00e1 a esgotar-se e n\u00e3o se sabes <strong>o que dar a um amigo artista?<\/strong> Hoje damos-te algumas ideias sobre <strong>o que oferecer a um artista, desenhador ou pintor profissional.<\/strong><\/p>\n<h2>Pintor profissional de \u00f3leo<\/h2>\n<p>Em geral, os pintores a \u00f3leo profissionais disp\u00f5em de uma vasta gama de pinc\u00e9is. Por essa raz\u00e3o, dar um pincel como presente pode n\u00e3o ser a melhor op\u00e7\u00e3o. Uma boa ideia se quiseres ajudar um artista com as suas ferramentas \u00e9 dar um <a href=\"https:\/\/totenart.pt\/escovas\/saboes-e-limpadores-de-escovas?utm_source=post&amp;utm_medium=o-que-oferecer&amp;utm_campaign=artista-profissional\" target=\"_blank\" rel=\"noopener\"><span style=\"text-decoration: underline;\">sab\u00e3o limpa-pinc\u00e9is<\/span><\/a> como presente. Ao contr\u00e1rio dos dissolventes, muitos dos sabonetes s\u00e3o naturais e ajudam a cuidar do pelo dos pinc\u00e9is mais delicados.<\/p>\n<p><img loading=\"lazy\" decoding=\"async\" class=\"size-full wp-image-19584 aligncenter\" src=\"https:\/\/totenart.pt\/blog\/wp-content\/uploads\/2021\/08\/que-regalar-pintor-profesional-1-1.jpg\" alt=\"\" width=\"700\" height=\"216\" srcset=\"https:\/\/totenart.pt\/blog\/wp-content\/uploads\/2021\/08\/que-regalar-pintor-profesional-1-1.jpg 700w, https:\/\/totenart.pt\/blog\/wp-content\/uploads\/2021\/08\/que-regalar-pintor-profesional-1-1-300x93.jpg 300w\" sizes=\"auto, (max-width: 700px) 100vw, 700px\" \/><\/p>\n<p>As telas s\u00e3o outra op\u00e7\u00e3o para os artistas de pintura a \u00f3leo. Actualmente, existe uma vasta gama de telas em oferta e muitos artistas apenas utilizam os cl\u00e1ssicos. Um bom presente para um artista s\u00e3o os <a href=\"https:\/\/totenart.pt\/telas-e-suportes\/telas-tradicionais-para-pintar\/telas-tradicionais-redondas-e-ovais?utm_source=post&amp;utm_medium=o-que-oferecer&amp;utm_campaign=artista-profissional\" target=\"_blank\" rel=\"noopener\"><span style=\"text-decoration: underline;\">suportes de formas especiais<\/span><\/a>. Esta gama \u00e9 muito ampla e podes encontrar todo o tipo de telas: <strong>triangulares, ovais e redondas,<\/strong> podes mesmo encontr\u00e1-las em forma de cora\u00e7\u00e3o.<\/p>\n<p style=\"padding-left: 40px;\">Precisas de mais? Olha para o nosso post sobre <a href=\"https:\/\/totenart.pt\/blog\/o-que-oferecer\/pintor-profissional\/oleo\/?utm_source=post&amp;utm_medium=o-que-oferecer&amp;utm_campaign=artista-profissional\" target=\"_blank\" rel=\"noopener\"><span style=\"text-decoration: underline;\">ideias de presentes para um artista de \u00f3leo profissional<\/span><\/a>.<\/p>\n<h2>Pintor profissional de aguarela<\/h2>\n<p>Se n\u00e3o souberes o que dar a algu\u00e9m que gosta de pintar com aguarelas, continua a ler. Aqui est\u00e3o algumas <strong>ideias para presentear a um pintor profissional de aguarela, e com toda a certeza que o receber\u00e1 bem.<\/strong><\/p>\n<p>Um presente que n\u00e3o falhar\u00e1 \u00e9 a nova gama de pinc\u00e9is <a href=\"https:\/\/totenart.pt\/escovas\/escovas-de-cabo-curto-aquarela-e-tempera\/escovas-spectre-gold-ii-winsor-newton?utm_source=post&amp;utm_medium=o-que-oferecer&amp;utm_campaign=artista-profissional\" target=\"_blank\" rel=\"noopener\"><span style=\"text-decoration: underline;\">Sceptre Gold II<\/span><\/a> da Winsor and Newton. Esta linha \u00e9 uma das mais dif\u00edceis de encontrar. Por essa raz\u00e3o, \u00e9 um dos <strong>melhores presentes para os artistas de aguarela.<\/strong> Al\u00e9m disso, a sua mistura de p\u00ealos torna-os irresist\u00edveis para qualquer profissional de aguarela.<\/p>\n<p><img loading=\"lazy\" decoding=\"async\" class=\"size-full wp-image-19585 aligncenter\" src=\"https:\/\/totenart.pt\/blog\/wp-content\/uploads\/2021\/08\/que-regalar-pinceles-sceptre-1.jpg\" alt=\"\" width=\"700\" height=\"219\" srcset=\"https:\/\/totenart.pt\/blog\/wp-content\/uploads\/2021\/08\/que-regalar-pinceles-sceptre-1.jpg 700w, https:\/\/totenart.pt\/blog\/wp-content\/uploads\/2021\/08\/que-regalar-pinceles-sceptre-1-300x94.jpg 300w\" sizes=\"auto, (max-width: 700px) 100vw, 700px\" \/><\/p>\n<p>Por outro lado, tal como para os artistas de \u00f3leo, existe actualmente uma vasta gama de suportes para a aguarela. Deixando para tr\u00e1s as cl\u00e1ssicas telas de aguarela podes agora encontrar todo o tipo de <a href=\"https:\/\/totenart.pt\/telas-e-suportes\/telas-tradicionais-para-pintar\/telas-tradicionais-aquarela\" target=\"_blank\" rel=\"noopener\"><span style=\"text-decoration: underline;\">telas para aguarela<\/span><\/a>. Al\u00e9m disso, a marca Phoenix tamb\u00e9m incluiu na sua gama uma linha de <strong>t\u00e1buas revestidas de tela para aguarela.<\/strong><\/p>\n<p style=\"padding-left: 40px;\">Se quiseres mais ideias, consulta o nosso post sobre <span style=\"text-decoration: underline;\"><a href=\"https:\/\/totenart.pt\/blog\/o-que-oferecer\/pintor-profissional\/aguarela\/?utm_source=post&amp;utm_medium=o-que-oferecer&amp;utm_campaign=artista-profissional\" target=\"_blank\" rel=\"noopener\">presentes para aguarelistas profissionais<\/a><\/span>.<\/p>\n<h2>Pintor profissional de acr\u00edlico<\/h2>\n<p>Para come\u00e7ar, deixamos-te com um dos melhores presentes para um pintor. Os pintores profissionais t\u00eam normalmente muitas pinturas. Por esta raz\u00e3o, <strong>dar pintura acr\u00edlica como presente n\u00e3o \u00e9 normalmente uma boa ideia.<\/strong> Cada pintor tem uma marca de que gosta e, se n\u00e3o souberes qual delas \u00e9, \u00e9 melhor n\u00e3o arriscar. Em qualquer caso, se quiseres acrescentar algo \u00e0 sua colec\u00e7\u00e3o de pinturas, <strong>sugerimos um presente que n\u00e3o falhar\u00e1<\/strong>: as <a href=\"https:\/\/totenart.pt\/acrilicos\/acessorios-de-acrilico\/caixas-vazias-para-tinta-acrilica?utm_source=post&amp;utm_medium=o-que-oferecer&amp;utm_campaign=artista-profissional\" target=\"_blank\" rel=\"noopener\"><span style=\"text-decoration: underline;\">malas vazias para acr\u00edlicos<\/span><\/a>, ideais para organizar o material.<\/p>\n<p><img loading=\"lazy\" decoding=\"async\" class=\"wp-image-19803 size-full aligncenter\" src=\"https:\/\/totenart.pt\/blog\/wp-content\/uploads\/2021\/08\/medium-pouring-1.jpg\" alt=\"\" width=\"720\" height=\"284\" srcset=\"https:\/\/totenart.pt\/blog\/wp-content\/uploads\/2021\/08\/medium-pouring-1.jpg 720w, https:\/\/totenart.pt\/blog\/wp-content\/uploads\/2021\/08\/medium-pouring-1-300x118.jpg 300w\" sizes=\"auto, (max-width: 720px) 100vw, 720px\" \/><\/p>\n<p>Se o que precisas \u00e9 de completar um presente para um pintor de acr\u00edlico, h\u00e1 centenas de acess\u00f3rios que certamente v\u00e3o ter sucesso. Entre os presentes originais para pintores acr\u00edlicos profissionais, destacam-se os <span style=\"text-decoration: underline;\"><a href=\"https:\/\/totenart.pt\/acrilicos\/aditivos-acrilico\/mediuns-para-acrilico?utm_source=post&amp;utm_medium=o-que-oferecer&amp;utm_campaign=artista-profissional\" target=\"_blank\" rel=\"noopener\"><strong>m\u00e9dios para acr\u00edlico<\/strong><\/a><\/span>. <strong>Um produto que \u00e9 adicionado \u00e0 pintura<\/strong> para a modificar. Existem todos os tipos de m\u00e9dios e tem a certeza de encontrar o ideal para ti. Entre as nossas recomenda\u00e7\u00f5es est\u00e1 o m\u00e9dio pouring mostrado na imagem. Como algumas pinturas acr\u00edlicas s\u00e3o muito densas, o <a href=\"https:\/\/totenart.pt\/medium-de-alisado-liquitex-237-ml?utm_source=post&amp;utm_medium=o-que-oferecer&amp;utm_campaign=artista-profissional\" target=\"_blank\" rel=\"noopener\"><span style=\"text-decoration: underline;\"><em>m\u00e9dio de pouring<\/em><\/span><\/a> torna-as fluidas.<\/p>\n<p style=\"padding-left: 40px;\">Se quiseres saber mais, consulta o nosso post sobre presentes para <a href=\"https:\/\/totenart.pt\/blog\/o-que-oferecer\/pintor-profissional\/acrilico\/?utm_source=post&amp;utm_medium=o-que-oferecer&amp;utm_campaign=artista-profissional\" target=\"_blank\" rel=\"noopener\"><span style=\"text-decoration: underline;\">pintores acr\u00edlicos profissionais.<\/span><\/a><\/p>\n<h2>E se deres uma nova t\u00e9cnica como presente?<\/h2>\n<p>Uma das nossas ideias favoritas de presentes para um artista profissional s\u00e3o os kits t\u00e9cnicos. Muitos pintores profissionais dedicam-se a uma \u00fanica t\u00e9cnica e n\u00e3o experimentam coisas novas. \u00c9 por isso que pensamos que um bom presente pode ser uma <strong>t\u00e9cnica nova<\/strong>. Podes procurar sets de t\u00e9cnicas dependendo de quanto te quiseres gastar.<\/p>\n<p>Por um lado, podes procurar um kit de oferta barato, como um <span style=\"text-decoration: underline;\"><a href=\"https:\/\/totenart.pt\/conjunto-ilustracion-comic-the-famazings-faber-castell?___store=pt&amp;utm_source=post&amp;utm_medium=o-que-oferecer&amp;utm_campaign=artista-profissional\" target=\"_blank\" rel=\"noopener\">set de inicia\u00e7\u00e3o de banda desenhada<\/a><\/span> Faber Castell. Neste conjunto encontrar\u00e1s tudo o que precisas para come\u00e7ar no mundo da banda desenhada com uma qualidade incr\u00edvel.<\/p>\n<p><img loading=\"lazy\" decoding=\"async\" class=\"size-full wp-image-19586 aligncenter\" src=\"https:\/\/totenart.pt\/blog\/wp-content\/uploads\/2021\/08\/que-regalar-pintor-profesional.jpg\" alt=\"\" width=\"700\" height=\"219\" srcset=\"https:\/\/totenart.pt\/blog\/wp-content\/uploads\/2021\/08\/que-regalar-pintor-profesional.jpg 700w, https:\/\/totenart.pt\/blog\/wp-content\/uploads\/2021\/08\/que-regalar-pintor-profesional-300x94.jpg 300w\" sizes=\"auto, (max-width: 700px) 100vw, 700px\" \/><\/p>\n<h6 style=\"text-align: center;\">Podes comprar este Kit de Ilustra\u00e7\u00e3o em <a href=\"https:\/\/totenart.pt\/conjunto-ilustracion-comic-the-famazings-faber-castell?___store=pt&amp;utm_source=post&amp;utm_medium=o-que-oferecer&amp;utm_campaign=artista-profissional\" target=\"_blank\" rel=\"noopener\"><span style=\"text-decoration: underline;\">Totenart<\/span><\/a><\/h6>\n<p>Outra op\u00e7\u00e3o para dar um conjunto completo como presente s\u00e3o os <a href=\"https:\/\/totenart.pt\/outros-produtos-174\/serigrafia-tintas-e-ferramentas?tipo=696&amp;utm_source=post&amp;utm_medium=o-que-oferecer&amp;utm_campaign=artista-profissional\" target=\"_blank\" rel=\"noopener\"><span style=\"text-decoration: underline;\">kits de serigrafia<\/span><\/a>. Estas caixas incluem tudo o que \u00e9 necess\u00e1rio para fazer serigrafia. Existem tamb\u00e9m diferentes sets, dependendo do conhecimento do artista.<\/p>\n","protected":false},"excerpt":{"rendered":"<p>O que oferecer a um artista profissional? O tempo est\u00e1 a esgotar-se e n\u00e3o se sabes o que dar a um amigo artista? Hoje damos-te algumas ideias sobre o que oferecer a um artista, desenhador ou pintor profissional. Pintor profissional de \u00f3leo Em geral, os pintores a \u00f3leo profissionais disp\u00f5em de uma vasta gama de [&hellip;]<\/p>\n","protected":false},"author":17,"featured_media":19485,"parent":17476,"menu_order":0,"comment_status":"closed","ping_status":"closed","template":"","meta":{"footnotes":""},"class_list":["post-18643","page","type-page","status-publish","has-post-thumbnail","hentry"],"_links":{"self":[{"href":"https:\/\/totenart.pt\/blog\/wp-json\/wp\/v2\/pages\/18643","targetHints":{"allow":["GET"]}}],"collection":[{"href":"https:\/\/totenart.pt\/blog\/wp-json\/wp\/v2\/pages"}],"about":[{"href":"https:\/\/totenart.pt\/blog\/wp-json\/wp\/v2\/types\/page"}],"author":[{"embeddable":true,"href":"https:\/\/totenart.pt\/blog\/wp-json\/wp\/v2\/users\/17"}],"replies":[{"embeddable":true,"href":"https:\/\/totenart.pt\/blog\/wp-json\/wp\/v2\/comments?post=18643"}],"version-history":[{"count":3,"href":"https:\/\/totenart.pt\/blog\/wp-json\/wp\/v2\/pages\/18643\/revisions"}],"predecessor-version":[{"id":19804,"href":"https:\/\/totenart.pt\/blog\/wp-json\/wp\/v2\/pages\/18643\/revisions\/19804"}],"up":[{"embeddable":true,"href":"https:\/\/totenart.pt\/blog\/wp-json\/wp\/v2\/pages\/17476"}],"wp:featuredmedia":[{"embeddable":true,"href":"https:\/\/totenart.pt\/blog\/wp-json\/wp\/v2\/media\/19485"}],"wp:attachment":[{"href":"https:\/\/totenart.pt\/blog\/wp-json\/wp\/v2\/media?parent=18643"}],"curies":[{"name":"wp","href":"https:\/\/api.w.org\/{rel}","templated":true}]}}