{"id":18766,"date":"2021-05-19T12:27:24","date_gmt":"2021-05-19T10:27:24","guid":{"rendered":"https:\/\/totenart.pt\/blog\/?page_id=18766"},"modified":"2021-05-25T11:20:11","modified_gmt":"2021-05-25T09:20:11","slug":"trabalhosmanuais","status":"publish","type":"page","link":"https:\/\/totenart.pt\/blog\/o-que-oferecer\/artista-aficionado\/trabalhosmanuais\/","title":{"rendered":"Prendas para amantes dos trabalhos manuais (e DIY)"},"content":{"rendered":"<h1>O que oferecer a um amante dos trabalhos manuais?<\/h1>\n<p>N\u00e3o sabes <strong>o que dar de presente a um amante dos trabalhos manuais?<\/strong> Se tens de dar um presente a algu\u00e9m que gosta de trabalhos manuais, temos ideias para ti! Neste post encontrar\u00e1s algumas <strong>ideias de presentes para os amantes de do DIY. Certamente acertar\u00e1s:<\/strong><\/p>\n<h2>Kit de Trabalhos Manuais para oferecer a adultos<\/h2>\n<p>Se tens de dar um presente a algu\u00e9m que gosta dos trabalhos manuais, que tal um kit? Independentemente do seu &#8220;n\u00edvel art\u00edstico&#8221;, <strong>os kits de trabalhos manuais s\u00e3o perfeitos para qualquer artista.<\/strong> Estes kits incluem tudo o que \u00e9 necess\u00e1rio para come\u00e7ar. Entre os nossos favoritos est\u00e3o os <a href=\"https:\/\/totenart.pt\/outros-produtos-161\/xilogravura-gubias-xylo-e-linocut\/gouges-para-tecnicas-linocut?tipo=207&amp;utm_source=post&amp;utm_medium=o-que-oferecer&amp;utm_campaign=trabalhosmanuais\" target=\"_blank\" rel=\"noopener\"><span style=\"text-decoration: underline;\">kits de gravura<\/span><\/a>, que incluem tudo o que precisa para esta t\u00e9cnica t\u00e3o divertida.<\/p>\n<p><img loading=\"lazy\" decoding=\"async\" class=\"size-full wp-image-18769 aligncenter\" src=\"https:\/\/totenart.pt\/blog\/wp-content\/uploads\/2021\/05\/estampar-camisetas-diy-1.jpg\" alt=\"\" width=\"700\" height=\"212\" srcset=\"https:\/\/totenart.pt\/blog\/wp-content\/uploads\/2021\/05\/estampar-camisetas-diy-1.jpg 700w, https:\/\/totenart.pt\/blog\/wp-content\/uploads\/2021\/05\/estampar-camisetas-diy-1-300x91.jpg 300w\" sizes=\"auto, (max-width: 700px) 100vw, 700px\" \/><\/p>\n<p>Seguindo a mesma linha mas, um passo \u00e0 frente, est\u00e1 o <a href=\"https:\/\/totenart.pt\/kit-completo-xilogravura-textil?___store=pt&amp;utm_source=post&amp;utm_medium=o-que-oferecer&amp;utm_campaign=trabalhosmanuais\" target=\"_blank\" rel=\"noopener\"><span style=\"text-decoration: underline;\">Kit de Xilografia T\u00eaxtil.<\/span><\/a> Neste kit o teu amigo artes\u00e3o encontrar\u00e1 tudo o que precisa para fazer os seus pr\u00f3prios desenhos para decorar a sua roupa.<\/p>\n<h3>Kit de Cianotipia<\/h3>\n<p>Entre os melhores<strong> kits de trabalhos manuais para presentear os adultos<\/strong> est\u00e1 este <a href=\"https:\/\/totenart.pt\/set-cianotipea?___store=pt&amp;utm_source=post&amp;utm_medium=o-que-oferecer&amp;utm_campaign=trabalhosmanuais\" target=\"_blank\" rel=\"noopener\"><span style=\"text-decoration: underline;\">Kit de Cianotipia<\/span><\/a>. Para aqueles que n\u00e3o sabem, a cianotipia \u00e9 um processo de revela\u00e7\u00e3o fotogr\u00e1fica. Com este kit qualquer amante de trabalhos manuais poder\u00e1 revelar as suas pr\u00f3prias fotografias em casa.<\/p>\n<p>A cianotipia \u00e9 um processo muito simples que ir\u00e1 surpreender qualquer amante dos trabalhos manuais. Se quiseres saber mais sobre esta t\u00e9cnica podes visitar o nosso tutorial sobre <a href=\"https:\/\/totenart.pt\/blog\/tutoriais\/como-fazer-cianotipia\/?utm_source=post&amp;utm_medium=o-que-oferecer&amp;utm_campaign=trabalhosmanuais\" target=\"_blank\" rel=\"noopener\"><span style=\"text-decoration: underline;\">como fazer cianotipia.<\/span><\/a> Um trabalho manual divertido!<\/p>\n<h3>Kit de pintura por n\u00fameros<\/h3>\n<p>Que tal encorajar os amigos a pintar? H\u00e1 muitos artistas artesanais que gostariam de pintar se lhes fosse dada a oportunidade. \u00c9 por isso que apresentamos uma <strong>prenda original que \u00e9 perfeita para os amantes dos trabalhos manuais:<\/strong> <a href=\"https:\/\/totenart.pt\/outros-produtos-161\/kits-e-conjuntos-completos\/pintura-por-numeros?utm_source=post&amp;utm_medium=o-que-oferecer&amp;utm_campaign=trabalhosmanuais\" target=\"_blank\" rel=\"noopener\">os kits de pintura por n\u00fameros.<\/a><\/p>\n<p><img loading=\"lazy\" decoding=\"async\" class=\"size-full wp-image-18770 aligncenter\" src=\"https:\/\/totenart.pt\/blog\/wp-content\/uploads\/2021\/05\/pintura-con-numeros-1-2.jpg\" alt=\"\" width=\"700\" height=\"203\" srcset=\"https:\/\/totenart.pt\/blog\/wp-content\/uploads\/2021\/05\/pintura-con-numeros-1-2.jpg 700w, https:\/\/totenart.pt\/blog\/wp-content\/uploads\/2021\/05\/pintura-con-numeros-1-2-300x87.jpg 300w\" sizes=\"auto, (max-width: 700px) 100vw, 700px\" \/><\/p>\n<h6 style=\"text-align: center;\">Podes comprar quadros com n\u00fameros em <span style=\"text-decoration: underline;\"><a href=\"https:\/\/totenart.pt\/outros-produtos-161\/kits-e-conjuntos-completos\/pintura-por-numeros?utm_source=post&amp;utm_medium=o-que-oferecer&amp;utm_campaign=trabalhosmanuais\" target=\"_blank\" rel=\"noopener\">Totenart<\/a><\/span><\/h6>\n<p>Estes conjuntos, ideais para presentes, incluem tudo o que \u00e9 necess\u00e1rio para pintar uma obra de arte de uma forma r\u00e1pida e relaxante. No interior encontrar\u00e1s uma tela com uma obra feita com linhas e separada por \u00e1reas numeradas. Tamb\u00e9m inclui 3 pinc\u00e9is, ganchos para pendurar as obras de arte e frascos de pintura acr\u00edlica com n\u00fameros. Desta forma, o teu artista preferido pode <strong>come\u00e7ar a se relaxar enquanto pinta.<\/strong><\/p>\n<h3>Pasta de secagem ao ar<\/h3>\n<p>Outro <strong>trabalho manual obrigat\u00f3rio para qualquer amante do DIY \u00e9 a escultura.<\/strong> Actualmente, a <a href=\"https:\/\/totenart.pt\/outros-produtos\/modelacao-barro?manufacturer=47&amp;utm_source=post&amp;utm_medium=o-que-oferecer&amp;utm_campaign=trabalhosmanuais\" target=\"_blank\" rel=\"noopener\"><span style=\"text-decoration: underline;\">Pasta DAS<\/span><\/a> \u00e9 a melhor parceira para os trabalhos manuais. Ao contr\u00e1rio de outras pastas, seca muito facilmente no ar e modela-se muito facilmente. Devido a estas caracter\u00edsticas, a Pasta DAS \u00e9 uma das op\u00e7\u00f5es mais convenientes para a modela\u00e7\u00e3o.<\/p>\n<p><img loading=\"lazy\" decoding=\"async\" class=\"size-full wp-image-18771 aligncenter\" src=\"https:\/\/totenart.pt\/blog\/wp-content\/uploads\/2021\/05\/ideas-de-regalos-para-amantes-de-las-manualidades.jpg\" alt=\"\" width=\"700\" height=\"199\" srcset=\"https:\/\/totenart.pt\/blog\/wp-content\/uploads\/2021\/05\/ideas-de-regalos-para-amantes-de-las-manualidades.jpg 700w, https:\/\/totenart.pt\/blog\/wp-content\/uploads\/2021\/05\/ideas-de-regalos-para-amantes-de-las-manualidades-300x85.jpg 300w\" sizes=\"auto, (max-width: 700px) 100vw, 700px\" \/><\/p>\n<p>A nossa recomenda\u00e7\u00e3o \u00e9 que acompanhes a tua pasta de DAS com um <a href=\"https:\/\/totenart.pt\/outros-produtos\/modelacao-barro?utm_source=post&amp;utm_medium=o-que-oferecer&amp;utm_campaign=trabalhosmanuais\" target=\"_blank\" rel=\"noopener\"><span style=\"text-decoration: underline;\">conjunto de pauzinhos de modelagem<\/span><\/a>. Se visitares a se\u00e7\u00e3o de ferramentas de escultura, ver\u00e1s que h\u00e1 alguma coisa para cada gama de pre\u00e7os. No entanto, a nossa recomenda\u00e7\u00e3o \u00e9 que d\u00eas este <span style=\"text-decoration: underline;\"><a href=\"https:\/\/totenart.pt\/estojo-com-ziper-14-ferramentas-para-ceramica?___store=pt&amp;utm_source=post&amp;utm_medium=o-que-oferecer&amp;utm_campaign=trabalhosmanuais\" target=\"_blank\" rel=\"noopener\">estojo de modelagem<\/a><\/span> como presente. Para al\u00e9m do facto de ser muito completo, vem com uma caixa de fecho que o torna ideal para oferecer.<\/p>\n<h2>Presentes para os amantes do DIY<\/h2>\n<p>Finalmente, aqui est\u00e3o algumas ideias de presentes perfeitas para os amantes do DIY. Normalmente, estes artistas gostam de personalizar as suas coisas e de decorar \u00e0 m\u00e3o tanto quanto podem. Por essa raz\u00e3o, deixamos-te alguns produtos <strong>perfeitos para completar um presente para um habilidoso em trabalhos manuais.<\/strong><\/p>\n<h3>Foto transfer<\/h3>\n<p>Um dos produtos mais utilizados pelos amantes dos trabalhos manuais \u00e9 o <span style=\"text-decoration: underline;\"><a href=\"https:\/\/totenart.pt\/foto-transfer-pajarita-75-ml?utm_source=post&amp;utm_medium=o-que-oferecer&amp;utm_campaign=trabalhosmanuais\" target=\"_blank\" rel=\"noopener\">foto transfer<\/a><\/span>. Com este material, qualquer artista pode <strong>decorar qualquer superf\u00edcie com as suas imagens favoritas.<\/strong> O foto transfer destaca-se pela sua facilidade de utiliza\u00e7\u00e3o, pois \u00e9 como um verniz ou uma cola branca. Ao contr\u00e1rio destes, este produto muito especial transfere imagens para diferentes superf\u00edcies, tais como madeira ou tecido.<\/p>\n<p><img loading=\"lazy\" decoding=\"async\" class=\"size-full wp-image-18772 aligncenter\" src=\"https:\/\/totenart.pt\/blog\/wp-content\/uploads\/2021\/05\/regalos-para-un-artista-diy-1.jpg\" alt=\"\" width=\"700\" height=\"219\" srcset=\"https:\/\/totenart.pt\/blog\/wp-content\/uploads\/2021\/05\/regalos-para-un-artista-diy-1.jpg 700w, https:\/\/totenart.pt\/blog\/wp-content\/uploads\/2021\/05\/regalos-para-un-artista-diy-1-300x94.jpg 300w\" sizes=\"auto, (max-width: 700px) 100vw, 700px\" \/><\/p>\n<p>Outra op\u00e7\u00e3o com o mesmo resultado \u00e9 o <a href=\"https:\/\/totenart.pt\/rotulador-transfer-marker-la-pajarita?___store=pt&amp;utm_source=post&amp;utm_medium=o-que-oferecer&amp;utm_campaign=trabalhosmanuais\" target=\"_blank\" rel=\"noopener\"><span style=\"text-decoration: underline;\">transfer marker<\/span><\/a> de La Pajarita. Embora a sua finalidade seja a mesma, a apresenta\u00e7\u00e3o \u00e9 diferente. Qual deles escolhes?<\/p>\n<p style=\"padding-left: 40px;\">Gostaste? Vai para o nosso post sobre <a href=\"https:\/\/totenart.pt\/blog\/o-que-oferecer\/artista-aficionado\/decoracao\/?utm_source=post&amp;utm_medium=o-que-oferecer&amp;utm_campaign=trabalhosmanuais\" target=\"_blank\" rel=\"noopener\">o que oferecer aos amantes da decora\u00e7\u00e3o.<\/a><\/p>\n","protected":false},"excerpt":{"rendered":"<p>O que oferecer a um amante dos trabalhos manuais? N\u00e3o sabes o que dar de presente a um amante dos trabalhos manuais? Se tens de dar um presente a algu\u00e9m que gosta de trabalhos manuais, temos ideias para ti! Neste post encontrar\u00e1s algumas ideias de presentes para os amantes de do DIY. Certamente acertar\u00e1s: Kit [&hellip;]<\/p>\n","protected":false},"author":17,"featured_media":18767,"parent":18775,"menu_order":0,"comment_status":"closed","ping_status":"closed","template":"","meta":{"footnotes":""},"class_list":["post-18766","page","type-page","status-publish","has-post-thumbnail","hentry"],"_links":{"self":[{"href":"https:\/\/totenart.pt\/blog\/wp-json\/wp\/v2\/pages\/18766","targetHints":{"allow":["GET"]}}],"collection":[{"href":"https:\/\/totenart.pt\/blog\/wp-json\/wp\/v2\/pages"}],"about":[{"href":"https:\/\/totenart.pt\/blog\/wp-json\/wp\/v2\/types\/page"}],"author":[{"embeddable":true,"href":"https:\/\/totenart.pt\/blog\/wp-json\/wp\/v2\/users\/17"}],"replies":[{"embeddable":true,"href":"https:\/\/totenart.pt\/blog\/wp-json\/wp\/v2\/comments?post=18766"}],"version-history":[{"count":3,"href":"https:\/\/totenart.pt\/blog\/wp-json\/wp\/v2\/pages\/18766\/revisions"}],"predecessor-version":[{"id":18882,"href":"https:\/\/totenart.pt\/blog\/wp-json\/wp\/v2\/pages\/18766\/revisions\/18882"}],"up":[{"embeddable":true,"href":"https:\/\/totenart.pt\/blog\/wp-json\/wp\/v2\/pages\/18775"}],"wp:featuredmedia":[{"embeddable":true,"href":"https:\/\/totenart.pt\/blog\/wp-json\/wp\/v2\/media\/18767"}],"wp:attachment":[{"href":"https:\/\/totenart.pt\/blog\/wp-json\/wp\/v2\/media?parent=18766"}],"curies":[{"name":"wp","href":"https:\/\/api.w.org\/{rel}","templated":true}]}}