{"id":18872,"date":"2021-05-25T11:18:03","date_gmt":"2021-05-25T09:18:03","guid":{"rendered":"https:\/\/totenart.pt\/blog\/?page_id=18872"},"modified":"2021-12-20T12:46:28","modified_gmt":"2021-12-20T11:46:28","slug":"decoracao","status":"publish","type":"page","link":"https:\/\/totenart.pt\/blog\/o-que-oferecer\/artista-aficionado\/decoracao\/","title":{"rendered":"O que oferecer a um amante da decora\u00e7\u00e3o?"},"content":{"rendered":"<h2>Presentes para algu\u00e9m que gosta da decora\u00e7\u00e3o<\/h2>\n<p>Quaisquer que seja a opini\u00e3o, os decoradores tamb\u00e9m s\u00e3o artistas e por isso merecem arte. Se tiveres de dar um presente a um artista de decora\u00e7\u00e3o, continua a ler! Aqui est\u00e3o algumas <strong>ideias originais de presentes para os entusiastas da decora\u00e7\u00e3o:<\/strong><\/p>\n<h3>Pintura a giz: Chalk Paint<\/h3>\n<p>Para come\u00e7ar, deixar-te-emos com a pintura mais na moda. Se ainda n\u00e3o conheces a <a href=\"https:\/\/totenart.pt\/acrilicos\/cores-acrilicas\/pintura-acrilicas-chalk-paint-ultramate-la-pajarita?utm_source=post&amp;utm_medium=o-que-oferecer&amp;utm_campaign=decoracao\" target=\"_blank\" rel=\"noopener\"><span style=\"text-decoration: underline;\">pintura Chalk Paint<\/span><\/a>, n\u00e3o te preocupes, eu actualizo-te. <strong>Devido ao seu acabamento, a pintura a giz \u00e9 a \u00faltima tend\u00eancia em decora\u00e7\u00e3o:<\/strong><\/p>\n<p><img loading=\"lazy\" decoding=\"async\" class=\"size-full wp-image-18874 aligncenter\" src=\"https:\/\/totenart.pt\/blog\/wp-content\/uploads\/2021\/05\/totenart-chalk-paint-1.jpg\" alt=\"\" width=\"700\" height=\"187\" srcset=\"https:\/\/totenart.pt\/blog\/wp-content\/uploads\/2021\/05\/totenart-chalk-paint-1.jpg 700w, https:\/\/totenart.pt\/blog\/wp-content\/uploads\/2021\/05\/totenart-chalk-paint-1-300x80.jpg 300w\" sizes=\"auto, (max-width: 700px) 100vw, 700px\" \/><\/p>\n<p>Isso porque \u00e9 muito <strong>f\u00e1cil de usar, pode ser aplicada em qualquer superf\u00edcie e n\u00e3o necessita de qualquer prepara\u00e7\u00e3o pr\u00e9via.<\/strong> O melhor? O seu acabamento ultra-mate que ir\u00e1 dar um toque especial a qualquer lugar. Obt\u00e9m v\u00e1rios frascos de pintura ou procura outros formatos tais como <a href=\"https:\/\/totenart.pt\/acrilicos\/cores-acrilicas\/pintura-acrilicas-chalk-paint-ultramate-la-pajarita?formato=164&amp;utm_source=post&amp;utm_medium=o-que-oferecer&amp;utm_campaign=decoracao\" target=\"_blank\" rel=\"noopener\"><span style=\"text-decoration: underline;\">pintura a giz em spray<\/span><\/a> ou em marcador.<\/p>\n<p>Se quiseres completar um presente para algu\u00e9m que gosta de decorar, temos uma <strong>surpresa chalk paint para ti.<\/strong> O <a href=\"https:\/\/totenart.pt\/chalk-marker-la-pajarita?utm_source=post&amp;utm_medium=o-que-oferecer&amp;utm_campaign=decoracao\" target=\"_blank\" rel=\"noopener\"><span style=\"text-decoration: underline;\">marcador de giz l\u00edquido<\/span><\/a> \u00e9 o companheiro perfeito para qualquer artista. Com ele podes pintar nas janelas ou deixar notas nas canecas do pequeno-almo\u00e7o. <strong>O presente mais original para um decorador!<\/strong><\/p>\n<p><img loading=\"lazy\" decoding=\"async\" class=\"size-full wp-image-18875 aligncenter\" src=\"https:\/\/totenart.pt\/blog\/wp-content\/uploads\/2021\/05\/totenart-chalk-paint-marker-1.jpg\" alt=\"\" width=\"700\" height=\"211\" srcset=\"https:\/\/totenart.pt\/blog\/wp-content\/uploads\/2021\/05\/totenart-chalk-paint-marker-1.jpg 700w, https:\/\/totenart.pt\/blog\/wp-content\/uploads\/2021\/05\/totenart-chalk-paint-marker-1-300x90.jpg 300w\" sizes=\"auto, (max-width: 700px) 100vw, 700px\" \/><\/p>\n<h2>Auxiliares para decora\u00e7\u00e3o<\/h2>\n<p>Outra op\u00e7\u00e3o para completar um presente s\u00e3o as ajudas decorativas. <strong>Estes acess\u00f3rios fornecem acabamentos surpreendentes<\/strong> para decorar qualquer coisa em que se possa pensar. Podes comprar um auxiliar de decora\u00e7\u00e3o para completar um presente ou fazer um <strong>pack completo de ideias de decora\u00e7\u00e3o!<\/strong><\/p>\n<p>Entre eles podes encontrar o <a href=\"https:\/\/totenart.pt\/verniz-craquele-la-pajarita-75ml?utm_source=post&amp;utm_medium=o-que-oferecer&amp;utm_campaign=decoracao\" target=\"_blank\" rel=\"noopener\"><span style=\"text-decoration: underline;\">craquelador<\/span><\/a> que d\u00e1 um efeito de rachadura a qualquer pintura ou a <a href=\"https:\/\/totenart.pt\/cola-decoupage-la-pajarita-75ml?utm_source=post&amp;utm_medium=o-que-oferecer&amp;utm_campaign=decoracao\" target=\"_blank\" rel=\"noopener\"><span style=\"text-decoration: underline;\">cola de decoupage<\/span><\/a>:<\/p>\n<p><img loading=\"lazy\" decoding=\"async\" class=\"size-full wp-image-18876 aligncenter\" src=\"https:\/\/totenart.pt\/blog\/wp-content\/uploads\/2021\/05\/totenart-regalos-para-decorar-tu-casa-1.jpg\" alt=\"\" width=\"700\" height=\"211\" srcset=\"https:\/\/totenart.pt\/blog\/wp-content\/uploads\/2021\/05\/totenart-regalos-para-decorar-tu-casa-1.jpg 700w, https:\/\/totenart.pt\/blog\/wp-content\/uploads\/2021\/05\/totenart-regalos-para-decorar-tu-casa-1-300x90.jpg 300w\" sizes=\"auto, (max-width: 700px) 100vw, 700px\" \/><\/p>\n<p>A decoupage \u00e9 uma<strong> t\u00e9cnica manual que consiste em colar pap\u00e9is ou tecidos em diferentes suportes.<\/strong> Desta forma podes dar um toque especial a qualquer canto da tua casa. \u00c9 ideal para decorar qualquer objecto de uma forma simples e com um acabamento perfeito.<\/p>\n<h3>Transfer\u00eancia de imagens<\/h3>\n<p>A minha prenda favorita e com certeza a <strong>prenda favorita para aquele amante da decora\u00e7\u00e3o que queres surpreender<\/strong> \u00e9 o <a href=\"https:\/\/totenart.pt\/foto-transfer-pajarita-75-ml?utm_source=post&amp;utm_medium=o-que-oferecer&amp;utm_campaign=decoracao\" target=\"_blank\" rel=\"noopener\"><span style=\"text-decoration: underline;\">m\u00e9dio de transfer\u00eancias<\/span><\/a>. Este auxiliar \u00e9 perfeito para decorar qualquer superf\u00edcie com as tuas imagens favoritas. O seu funcionamento \u00e9 muito simples e funciona em qualquer suporte: madeira, papel ou cer\u00e2mica, entre outros. Gra\u00e7as a esta cola foto transfer podes personalizar qualquer objecto de uma forma simples.<\/p>\n<p><img loading=\"lazy\" decoding=\"async\" class=\"size-full wp-image-18877 aligncenter\" src=\"https:\/\/totenart.pt\/blog\/wp-content\/uploads\/2021\/05\/totenart-regalos-para-decorar-tu-casa-2-1.jpg\" alt=\"\" width=\"700\" height=\"205\" srcset=\"https:\/\/totenart.pt\/blog\/wp-content\/uploads\/2021\/05\/totenart-regalos-para-decorar-tu-casa-2-1.jpg 700w, https:\/\/totenart.pt\/blog\/wp-content\/uploads\/2021\/05\/totenart-regalos-para-decorar-tu-casa-2-1-300x88.jpg 300w\" sizes=\"auto, (max-width: 700px) 100vw, 700px\" \/><\/p>\n<p><strong>AGORA \u00c9 AINDA MAIS F\u00c1CIL! Para al\u00e9m do m\u00e9dio para transfer\u00eancias l\u00edquido,<\/strong> podes agora comprar o <a href=\"https:\/\/totenart.pt\/rotulador-transfer-marker-la-pajarita?utm_source=post&amp;utm_medium=o-que-oferecer&amp;utm_campaign=decoracao\" target=\"_blank\" rel=\"noopener\"><span style=\"text-decoration: underline;\">marcador transfer marker<\/span><\/a>. Toda o bom do m\u00e9dio de transfer\u00eancia num formato revolucion\u00e1rio de marcador.<\/p>\n<h2>Pintura para tecidos<\/h2>\n<p>Finalmente, deixo-vos com um produto muito vers\u00e1til. Embora muitas pessoas associem a <a href=\"https:\/\/totenart.pt\/outras-pinturas\/pintura-textil\/tinta-opaca-para-tecido-art-creation?utm_source=post&amp;utm_medium=o-que-oferecer&amp;utm_campaign=decoracao\" target=\"_blank\" rel=\"noopener\">pintura t\u00eaxtil<\/a> \u00e0 roupa, h\u00e1 muitos projectos que se podem fazer com ela. Por esta raz\u00e3o, <strong>a pintura para tecido \u00e9 a companhia ideal para qualquer amante da decora\u00e7\u00e3o.<\/strong><\/p>\n<div style=\"text-align: center;\"><iframe loading=\"lazy\" title=\"YouTube video player\" src=\"https:\/\/www.youtube.com\/embed\/9FWdkHMBXQw\" width=\"560\" height=\"315\" frameborder=\"0\" allowfullscreen=\"allowfullscreen\"><span style=\"display: inline-block; width: 0px; overflow: hidden; line-height: 0;\" data-mce-type=\"bookmark\" class=\"mce_SELRES_start\">\ufeff<\/span><span data-mce-type=\"bookmark\" style=\"display: inline-block; width: 0px; overflow: hidden; line-height: 0;\" class=\"mce_SELRES_start\">\ufeff<\/span><\/iframe><\/div>\n<p>&nbsp;<\/p>\n<p>Aqui est\u00e1 um v\u00eddeo sobre como decorar uma almofada com pintura para tecidos. N\u00e3o hesites e aproveita estas ideias de presentes para artistas da decora\u00e7\u00e3o!<\/p>\n<p style=\"padding-left: 40px;\">Queres saber mais? Olha para o nosso post sobre <a href=\"https:\/\/totenart.pt\/blog\/o-que-oferecer\/artista-aficionado\/trabalhosmanuais\/?utm_source=post&amp;utm_medium=o-que-oferecer&amp;utm_campaign=decoracao\" target=\"_blank\" rel=\"noopener\"><span style=\"text-decoration: underline;\">ideias de presentes para os amantes dos trabalhos manuais.<\/span><\/a><\/p>\n","protected":false},"excerpt":{"rendered":"<p>Presentes para algu\u00e9m que gosta da decora\u00e7\u00e3o Quaisquer que seja a opini\u00e3o, os decoradores tamb\u00e9m s\u00e3o artistas e por isso merecem arte. Se tiveres de dar um presente a um artista de decora\u00e7\u00e3o, continua a ler! Aqui est\u00e3o algumas ideias originais de presentes para os entusiastas da decora\u00e7\u00e3o: Pintura a giz: Chalk Paint Para come\u00e7ar, [&hellip;]<\/p>\n","protected":false},"author":17,"featured_media":18873,"parent":18775,"menu_order":0,"comment_status":"closed","ping_status":"closed","template":"","meta":{"footnotes":""},"class_list":["post-18872","page","type-page","status-publish","has-post-thumbnail","hentry"],"_links":{"self":[{"href":"https:\/\/totenart.pt\/blog\/wp-json\/wp\/v2\/pages\/18872","targetHints":{"allow":["GET"]}}],"collection":[{"href":"https:\/\/totenart.pt\/blog\/wp-json\/wp\/v2\/pages"}],"about":[{"href":"https:\/\/totenart.pt\/blog\/wp-json\/wp\/v2\/types\/page"}],"author":[{"embeddable":true,"href":"https:\/\/totenart.pt\/blog\/wp-json\/wp\/v2\/users\/17"}],"replies":[{"embeddable":true,"href":"https:\/\/totenart.pt\/blog\/wp-json\/wp\/v2\/comments?post=18872"}],"version-history":[{"count":3,"href":"https:\/\/totenart.pt\/blog\/wp-json\/wp\/v2\/pages\/18872\/revisions"}],"predecessor-version":[{"id":18883,"href":"https:\/\/totenart.pt\/blog\/wp-json\/wp\/v2\/pages\/18872\/revisions\/18883"}],"up":[{"embeddable":true,"href":"https:\/\/totenart.pt\/blog\/wp-json\/wp\/v2\/pages\/18775"}],"wp:featuredmedia":[{"embeddable":true,"href":"https:\/\/totenart.pt\/blog\/wp-json\/wp\/v2\/media\/18873"}],"wp:attachment":[{"href":"https:\/\/totenart.pt\/blog\/wp-json\/wp\/v2\/media?parent=18872"}],"curies":[{"name":"wp","href":"https:\/\/api.w.org\/{rel}","templated":true}]}}