{"id":19184,"date":"2021-06-16T12:11:42","date_gmt":"2021-06-16T10:11:42","guid":{"rendered":"https:\/\/totenart.pt\/blog\/?page_id=19184"},"modified":"2021-06-16T12:11:42","modified_gmt":"2021-06-16T10:11:42","slug":"tecnico","status":"publish","type":"page","link":"https:\/\/totenart.pt\/blog\/o-que-oferecer\/desenho\/tecnico\/","title":{"rendered":"O que oferecer a algu\u00e9m que gosta do desenho t\u00e9cnico?"},"content":{"rendered":"<h1>Presentes para os amantes do desenho t\u00e9cnico<\/h1>\n<p>Se n\u00e3o souberes o que oferecer a algu\u00e9m que gosta do desenho t\u00e9cnico n\u00e3o te preocupes, em Totenart estamos preparados para todos os artistas. Neste post deixamos-te algumas ideias de presentes para qualquer amante do desenho t\u00e9cnico:<\/p>\n<h2>Kit de desenho<\/h2>\n<p>Um presente que n\u00e3o falhar\u00e1 \u00e9 um <strong>kit para desenho t\u00e9cnico.<\/strong> Artistas ou arquitectos ir\u00e3o tirar o m\u00e1ximo partido dos diferentes conjuntos. Por um lado, podes optar por um <span style=\"text-decoration: underline;\"><a href=\"https:\/\/totenart.pt\/outros-produtos-161\/desenho-lapis-estojos-papel-e-acessorios\/kits-e-conjuntos-de-desenho?utm_source=post&amp;utm_medium=o-que-oferecer&amp;utm_campaign=desenho-tecnico\" target=\"_blank\" rel=\"noopener\">kit de l\u00e1pis de grafite<\/a><\/span>, um presente muito completo para qualquer artista, mas tem em mente que, ao contr\u00e1rio do art\u00edstico, no desenho t\u00e9cnico s\u00e3o mais importantes os l\u00e1pis duros, ou seja: H, 2H, 3H&#8230; Entre os nossos favoritos est\u00e1 o estojo de <span style=\"text-decoration: underline;\"><a href=\"https:\/\/totenart.pt\/caixa-metal-desenho-sortida-koh-i-noor-12-p?___store=pt&amp;utm_source=post&amp;utm_medium=o-que-oferecer&amp;utm_campaign=desenho-tecnico\" target=\"_blank\" rel=\"noopener\">Koh-i-Noor graphic<\/a><\/span>, pensado <strong>especialmente para os amantes do desenho t\u00e9cnico.<\/strong><\/p>\n<p><img loading=\"lazy\" decoding=\"async\" class=\"size-full wp-image-19186 aligncenter\" src=\"https:\/\/totenart.pt\/blog\/wp-content\/uploads\/2021\/06\/regalo-para-dibujo-tecnico-set-de-lapices-1.jpg\" alt=\"\" width=\"700\" height=\"220\" srcset=\"https:\/\/totenart.pt\/blog\/wp-content\/uploads\/2021\/06\/regalo-para-dibujo-tecnico-set-de-lapices-1.jpg 700w, https:\/\/totenart.pt\/blog\/wp-content\/uploads\/2021\/06\/regalo-para-dibujo-tecnico-set-de-lapices-1-300x94.jpg 300w\" sizes=\"auto, (max-width: 700px) 100vw, 700px\" \/><\/p>\n<h6 style=\"text-align: center;\">Podes comprar o kit de l\u00e1pis para desenho t\u00e9cnico em <a href=\"https:\/\/totenart.pt\/caixa-metal-desenho-sortida-koh-i-noor-12-p?___store=pt&amp;utm_source=post&amp;utm_medium=o-que-oferecer&amp;utm_campaign=desenho-tecnico\" target=\"_blank\" rel=\"noopener\">Totenart<\/a><\/h6>\n<p>Por outro lado, outro kit de desenho t\u00e9cnico perfeito para oferecer \u00e9 o <a href=\"https:\/\/totenart.pt\/outras-pinturas\/marcadores\/casos-de-marcadores?manufacturer=822&amp;utm_source=post&amp;utm_medium=o-que-oferecer&amp;utm_campaign=desenho-tecnico\" target=\"_blank\" rel=\"noopener\"><span style=\"text-decoration: underline;\">conjunto de marcadores calibrados<\/span><\/a>. Estes conjuntos de marcadores, utilizados para atintar no desenho t\u00e9cnico, incluem diferentes tamanhos de pontas para cada artista utilizar o que \u00e9 necess\u00e1rio em cada momento. Al\u00e9m de tamanhos diferentes, podes optar por um presente mais original: o <a href=\"https:\/\/totenart.pt\/set-9-varias-cores-pigma-micron-sakura-n05?utm_source=post&amp;utm_medium=o-que-oferecer&amp;utm_campaign=desenho-tecnico\" target=\"_blank\" rel=\"noopener\"><span style=\"text-decoration: underline;\">kit de marcadores coloridos calibrados<\/span><\/a>. Embora seja verdade que n\u00e3o \u00e9 t\u00e3o &#8220;\u00fatil&#8221; como o preto, trar\u00e1 um pouco de cor ao teu amigo artista e certamente o far\u00e1 muito feliz.<\/p>\n<h2>Material para desenho t\u00e9cnico<\/h2>\n<p>Para al\u00e9m de um set de desenho, se quiseres <strong>completar um presente para um amante do desenho t\u00e9cnico<\/strong>, h\u00e1 outros materiais que podes oferecer. Para esta t\u00e9cnica art\u00edstica existem muitos produtos especiais que ir\u00e3o facilitar a vida de qualquer artista. Aqui est\u00e3o alguns dos mais originais:<\/p>\n<h3>R\u00e9guas profissionais<\/h3>\n<p>Entre as ferramentas mais \u00fateis no desenho t\u00e9cnico encontramos um cl\u00e1ssico: as <a href=\"https:\/\/totenart.pt\/outros-produtos-161\/desenho-lapis-estojos-papel-e-acessorios\/regras-para-desenho-e-artesanato-art?utm_source=post&amp;utm_medium=o-que-oferecer&amp;utm_campaign=desenho-tecnico\" target=\"_blank\" rel=\"noopener\"><span style=\"text-decoration: underline;\">r\u00e9guas<\/span><\/a>. Entre estas ferramentas existem r\u00e9guas de todos os tipos e mais ou menos profissionais. Se quiseres dar um presente original a um amante de desenho t\u00e9cnico, recomendamos que escolhas as <a href=\"https:\/\/totenart.pt\/outros-produtos-161\/desenho-lapis-estojos-papel-e-acessorios\/regras-para-desenho-e-artesanato-art?tipo_reglas=866&amp;utm_source=post&amp;utm_medium=o-que-oferecer&amp;utm_campaign=desenho-tecnico\" target=\"_blank\" rel=\"noopener\"><span style=\"text-decoration: underline;\">r\u00e9guas flex\u00edveis<\/span><\/a>. Esta ferramenta <strong>permite ao artista fazer linhas curvas uma e outra vez da forma mais simples.<\/strong><\/p>\n<p><img loading=\"lazy\" decoding=\"async\" class=\"size-full wp-image-19187 aligncenter\" src=\"https:\/\/totenart.pt\/blog\/wp-content\/uploads\/2021\/06\/regalar-reglas-flexibles-1.jpg\" alt=\"\" width=\"700\" height=\"220\" srcset=\"https:\/\/totenart.pt\/blog\/wp-content\/uploads\/2021\/06\/regalar-reglas-flexibles-1.jpg 700w, https:\/\/totenart.pt\/blog\/wp-content\/uploads\/2021\/06\/regalar-reglas-flexibles-1-300x94.jpg 300w\" sizes=\"auto, (max-width: 700px) 100vw, 700px\" \/><\/p>\n<p>Ao contr\u00e1rio das r\u00e9guas curvas convencionais, <strong>as r\u00e9guas flex\u00edveis permitem que o artista escolha uma curva personalizada.<\/strong> Desta forma, o artista pode pegar em qualquer refer\u00eancia e transferi-la para o papel tantas vezes quantas quiser.<\/p>\n<h3>Borracha para desenho t\u00e9cnico<\/h3>\n<p>Uma<strong> ferramenta indispens\u00e1vel para os amantes do desenho t\u00e9cnico \u00e9 a borracha.<\/strong> Neste caso, recomendamos a nossa favorita: a borracha de precis\u00e3o <a href=\"https:\/\/totenart.pt\/outros-produtos-161\/desenho-lapis-estojos-papel-e-acessorios\/carvoes-difuminos-esfuminos-e-borrachas?manufacturer=97&amp;utm_source=post&amp;utm_medium=o-que-oferecer&amp;utm_campaign=desenho-tecnico\" target=\"_blank\" rel=\"noopener\"><span style=\"text-decoration: underline;\">Tombow Mono Zero.<\/span><\/a> Como podes ver nas imagens, esta borracha foi concebida para apagar as linhas mais finas com a maior precis\u00e3o. Al\u00e9m disso, gra\u00e7as ao seu refor\u00e7o met\u00e1lico, a borracha n\u00e3o se move nem se parte, garantindo o apagamento mais t\u00e9cnico.<\/p>\n<p><img loading=\"lazy\" decoding=\"async\" class=\"size-full wp-image-19188 aligncenter\" src=\"https:\/\/totenart.pt\/blog\/wp-content\/uploads\/2021\/06\/ideas-de-regalos-para-dibujo-tecnico-mono-zero-1.jpg\" alt=\"\" width=\"700\" height=\"212\" srcset=\"https:\/\/totenart.pt\/blog\/wp-content\/uploads\/2021\/06\/ideas-de-regalos-para-dibujo-tecnico-mono-zero-1.jpg 700w, https:\/\/totenart.pt\/blog\/wp-content\/uploads\/2021\/06\/ideas-de-regalos-para-dibujo-tecnico-mono-zero-1-300x91.jpg 300w\" sizes=\"auto, (max-width: 700px) 100vw, 700px\" \/><\/p>\n<h2>Kit Urban Sketchers<\/h2>\n<p>Finalmente, o presente mais criativo para um amante &#8220;do t\u00e9cnico&#8221;. Entre todas as t\u00e9cnicas art\u00edsticas, o Urban Sketching \u00e9 uma arte que, embora muito diferente, tem muito em comum com o desenho t\u00e9cnico. Nesta t\u00e9cnica, <strong>o mais importante \u00e9 a perspectiva e profundidade,<\/strong> uma vez que consiste em transferir para o papel o que se v\u00ea na rua. Para dar esta t\u00e9cnica como presente podes optar por um <a href=\"https:\/\/totenart.pt\/outros-produtos-161\/desenho-lapis-estojos-papel-e-acessorios\/kits-e-conjuntos-de-desenho?tipo_de_estuche_de_pintura=1156&amp;utm_source=post&amp;utm_medium=o-que-oferecer&amp;utm_campaign=desenho-tecnico\" target=\"_blank\" rel=\"noopener\"><span style=\"text-decoration: underline;\">set de Urban Sketching<\/span><\/a> com tudo o que precisas para aprender. <strong>Ser\u00e1 o presente favorito dos arquitectos e artistas de desenho t\u00e9cnico!<\/strong><\/p>\n<p><img loading=\"lazy\" decoding=\"async\" class=\"size-full wp-image-19189 aligncenter\" src=\"https:\/\/totenart.pt\/blog\/wp-content\/uploads\/2021\/06\/totenart-regalos-para-madres-artistas-1.jpg\" alt=\"\" width=\"700\" height=\"231\" srcset=\"https:\/\/totenart.pt\/blog\/wp-content\/uploads\/2021\/06\/totenart-regalos-para-madres-artistas-1.jpg 700w, https:\/\/totenart.pt\/blog\/wp-content\/uploads\/2021\/06\/totenart-regalos-para-madres-artistas-1-300x99.jpg 300w\" sizes=\"auto, (max-width: 700px) 100vw, 700px\" \/><\/p>\n<h6 style=\"text-align: center;\">Encontra o set de Urban Sketching em <a href=\"https:\/\/totenart.pt\/outros-produtos-161\/desenho-lapis-estojos-papel-e-acessorios\/kits-e-conjuntos-de-desenho?tipo_de_estuche_de_pintura=1156&amp;utm_source=post&amp;utm_medium=o-que-oferecer&amp;utm_campaign=desenho-tecnico\" target=\"_blank\" rel=\"noopener\">Totenart<\/a><\/h6>\n<p>O que pensas das nossas ideias para prendas? D\u00e1 uma vista de olhos \u00e0s nossas <a href=\"https:\/\/totenart.pt\/blog\/o-que-oferecer\/desenho\/ilustracao\/?utm_source=post&amp;utm_medium=o-que-oferecer&amp;utm_campaign=desenho-tecnico\" target=\"_blank\" rel=\"noopener\">ideias de prendas para ilustradores.<\/a><\/p>\n","protected":false},"excerpt":{"rendered":"<p>Presentes para os amantes do desenho t\u00e9cnico Se n\u00e3o souberes o que oferecer a algu\u00e9m que gosta do desenho t\u00e9cnico n\u00e3o te preocupes, em Totenart estamos preparados para todos os artistas. Neste post deixamos-te algumas ideias de presentes para qualquer amante do desenho t\u00e9cnico: Kit de desenho Um presente que n\u00e3o falhar\u00e1 \u00e9 um kit [&hellip;]<\/p>\n","protected":false},"author":17,"featured_media":19185,"parent":17735,"menu_order":0,"comment_status":"closed","ping_status":"closed","template":"","meta":{"footnotes":""},"class_list":["post-19184","page","type-page","status-publish","has-post-thumbnail","hentry"],"_links":{"self":[{"href":"https:\/\/totenart.pt\/blog\/wp-json\/wp\/v2\/pages\/19184","targetHints":{"allow":["GET"]}}],"collection":[{"href":"https:\/\/totenart.pt\/blog\/wp-json\/wp\/v2\/pages"}],"about":[{"href":"https:\/\/totenart.pt\/blog\/wp-json\/wp\/v2\/types\/page"}],"author":[{"embeddable":true,"href":"https:\/\/totenart.pt\/blog\/wp-json\/wp\/v2\/users\/17"}],"replies":[{"embeddable":true,"href":"https:\/\/totenart.pt\/blog\/wp-json\/wp\/v2\/comments?post=19184"}],"version-history":[{"count":2,"href":"https:\/\/totenart.pt\/blog\/wp-json\/wp\/v2\/pages\/19184\/revisions"}],"predecessor-version":[{"id":19191,"href":"https:\/\/totenart.pt\/blog\/wp-json\/wp\/v2\/pages\/19184\/revisions\/19191"}],"up":[{"embeddable":true,"href":"https:\/\/totenart.pt\/blog\/wp-json\/wp\/v2\/pages\/17735"}],"wp:featuredmedia":[{"embeddable":true,"href":"https:\/\/totenart.pt\/blog\/wp-json\/wp\/v2\/media\/19185"}],"wp:attachment":[{"href":"https:\/\/totenart.pt\/blog\/wp-json\/wp\/v2\/media?parent=19184"}],"curies":[{"name":"wp","href":"https:\/\/api.w.org\/{rel}","templated":true}]}}