{"id":21770,"date":"2021-12-20T10:40:29","date_gmt":"2021-12-20T09:40:29","guid":{"rendered":"https:\/\/totenart.pt\/blog\/?page_id=21770"},"modified":"2023-06-05T12:42:24","modified_gmt":"2023-06-05T10:42:24","slug":"desenhar","status":"publish","type":"page","link":"https:\/\/totenart.pt\/blog\/o-que-oferecer\/crianca-artista\/desenhar\/","title":{"rendered":"O que oferecer a uma crian\u00e7a que gosta de desenhar"},"content":{"rendered":"<h1>Ideias de prendas para uma crian\u00e7a que gosta de desenhar<\/h1>\n<p>Desde muito novas, as crian\u00e7as sentem uma grande motiva\u00e7\u00e3o para desenhar, um interesse especial em expressar-se atrav\u00e9s do desenho. \u00c9 importante encorajar este interesse para que as crian\u00e7as evoluam artisticamente e nunca deixem de desenhar. Por esta raz\u00e3o, dar arte como presente \u00e9 sempre uma boa ideia. Hoje te deixamos com um post para resolver essa quest\u00e3o que tanto te preocupa: <strong>o que oferecer a uma crian\u00e7a que gosta de desenhar?<\/strong><\/p>\n<h2>Presentes para uma crian\u00e7a que gosta de desenhar<\/h2>\n<p>Em geral, as crian\u00e7as que gostam de desenhar querem cores para preencher qualquer superf\u00edcie e ficar um pouco manchadas. \u00c9 por isso que <strong>se deve procurar uma pintura n\u00e3o t\u00f3xica para crian\u00e7as.<\/strong> Este \u00e9 o caso da gama <a href=\"https:\/\/totenart.pt\/outros-produtos-175\/kits-e-conjuntos-completos\/produtos-infantiles?utm_source=post&amp;utm_medium=o-que-oferecer&amp;utm_campaign=crianca-desenhar\" target=\"_blank\" rel=\"noopener\"><span style=\"text-decoration: underline;\">Giotto Bebe<\/span><\/a>, uma linha de pinturas n\u00e3o t\u00f3xicas concebida para crian\u00e7as que gostam de desenhar:<\/p>\n<ul>\n<li>\n<h3>Pintura n\u00e3o t\u00f3xica para crian\u00e7as: Giotto<\/h3>\n<\/li>\n<\/ul>\n<div id=\"attachment_21773\" style=\"width: 610px\" class=\"wp-caption aligncenter\"><img loading=\"lazy\" decoding=\"async\" aria-describedby=\"caption-attachment-21773\" class=\"wp-image-21773 size-full\" src=\"https:\/\/totenart.pt\/blog\/wp-content\/uploads\/2021\/12\/totenart-que-regalar-a-un-nino-que-le-gusta-dibujar.jpg\" alt=\"\" width=\"600\" height=\"600\" srcset=\"https:\/\/totenart.pt\/blog\/wp-content\/uploads\/2021\/12\/totenart-que-regalar-a-un-nino-que-le-gusta-dibujar.jpg 600w, https:\/\/totenart.pt\/blog\/wp-content\/uploads\/2021\/12\/totenart-que-regalar-a-un-nino-que-le-gusta-dibujar-300x300.jpg 300w, https:\/\/totenart.pt\/blog\/wp-content\/uploads\/2021\/12\/totenart-que-regalar-a-un-nino-que-le-gusta-dibujar-150x150.jpg 150w\" sizes=\"auto, (max-width: 600px) 100vw, 600px\" \/><p id=\"caption-attachment-21773\" class=\"wp-caption-text\">Encontra toda a gama de Giotto Bebe em <a href=\"https:\/\/totenart.pt\/acrilicos\/cores-acrilicas\/pintura-acrilica-liquida-amsterdam?utm_source=post&amp;utm_medium=o-que-oferecer&amp;utm_campaign=crianca-desenhar\" target=\"_blank\" rel=\"noopener\">Totenart<\/a><\/p><\/div>\n<p>Como dissemos, a gama Giotto para crian\u00e7as \u00e9 uma das mais seguras do mercado. Gra\u00e7as \u00e0 sua composi\u00e7\u00e3o, <strong>as crian\u00e7as artistas podem utilizar todas as pinturas Giotto sem medo.<\/strong> Esta linha, pensada para crian\u00e7as que gostam de desenhar, \u00e9 feita com ingredientes naturais.<\/p>\n<p>Entre as melhores op\u00e7\u00f5es para presentes relacionados com o desenho est\u00e3o a vasta gama de <a href=\"https:\/\/totenart.pt\/outros-produtos-175\/kits-e-conjuntos-completos\/produtos-infantiles?utm_source=post&amp;utm_medium=o-que-oferecer&amp;utm_campaign=crianca-desenhar\" target=\"_blank\" rel=\"noopener\"><span style=\"text-decoration: underline;\">caixas de l\u00e1pis e marcadores Giotto<\/span><\/a>. Entre a sua linha podes encontrar desde o mais pequeno a completar um presente at\u00e9 kits completos. Relativamente a este \u00faltimo, deves saber que a gama Giotto baby inclui kits para crian\u00e7as com m\u00faltiplas t\u00e9cnicas e materiais a um pre\u00e7o razo\u00e1vel. Um dos nossos favoritos \u00e9 o <span style=\"text-decoration: underline;\"><a href=\"https:\/\/totenart.pt\/giotto-bebe-stick-color-set-pt?utm_source=post&amp;utm_medium=o-que-oferecer&amp;utm_campaign=crianca-desenhar\" target=\"_blank\" rel=\"noopener\">kit inicial para crian\u00e7as<\/a><\/span>: <strong>um set completo cheio de l\u00e1pis de cor e marcadores que qualquer crian\u00e7a ir\u00e1 desfrutar.<\/strong> A melhor parte? At\u00e9 inclui autocolantes!<\/p>\n<ul>\n<li>\n<h3>Kits de desenho para crian\u00e7as<\/h3>\n<\/li>\n<\/ul>\n<p>Continuando com os kits de desenho, qualquer crian\u00e7a sentir-se-\u00e1 como uma profissional se lhes deres um <a href=\"https:\/\/totenart.pt\/outros-produtos-175\/kits-e-conjuntos-completos\/kits-de-iniciacion?utm_source=post&amp;utm_medium=o-que-oferecer&amp;utm_campaign=crianca-desenhar\" target=\"_blank\" rel=\"noopener\"><span style=\"text-decoration: underline;\">set de desenho<\/span><\/a>. Entre toda a variedade, podes encontrar alguns sets muito completos que incluem m\u00faltiplas t\u00e9cnicas art\u00edsticas. Uma das nossas recomenda\u00e7\u00f5es mais cl\u00e1ssicas \u00e9 o <a href=\"https:\/\/totenart.pt\/conjunto-completo-regalo-daler-rowney-122-pezas?utm_source=post&amp;utm_medium=o-que-oferecer&amp;utm_campaign=crianca-desenhar\" target=\"_blank\" rel=\"noopener\"><span style=\"text-decoration: underline;\">conjunto de 122 pe\u00e7as da Daler Rowney<\/span><\/a>. <strong>Esta mala inclui 122 pe\u00e7as de desenho e pintura para que os mais novos desenvolvam as suas capacidades art\u00edsticas.<\/strong> Olha esta mala em v\u00eddeo:<\/p>\n<div style=\"text-align: center;\"><iframe loading=\"lazy\" title=\"YouTube video player\" src=\"https:\/\/www.youtube.com\/embed\/OWquy5Dgpko\" width=\"560\" height=\"315\" frameborder=\"0\" allowfullscreen=\"allowfullscreen\"><span data-mce-type=\"bookmark\" style=\"display: inline-block; width: 0px; overflow: hidden; line-height: 0;\" class=\"mce_SELRES_start\">\ufeff<\/span><\/iframe><\/div>\n<p>Esta marca tamb\u00e9m fabrica outras malas de pintura com pe\u00e7as diferentes. Entre elas encontramos a <a href=\"https:\/\/totenart.pt\/conjunto-completo-regalo-daler-rowney-com-cavalete-163-pezas?utm_source=post&amp;utm_medium=o-que-oferecer&amp;utm_campaign=crianca-desenhar\" target=\"_blank\" rel=\"noopener\"><span style=\"text-decoration: underline;\">mala de 163<\/span><\/a>. Ao contr\u00e1rio do que acabamos de ver, este set multit\u00e9cnica para crian\u00e7as que gostam de desenhar n\u00e3o inclui uma mala. Embora isto possa ser uma desvantagem para muitos, <strong>este kit inclui um cavalete port\u00e1til. Com isto, qualquer crian\u00e7a que goste de desenhar ir\u00e1 sentir-se como uma profissional.<\/strong><\/p>\n<ul>\n<li>\n<h3>Pequenos presentes para crian\u00e7as que gostam de desenhar<\/h3>\n<\/li>\n<\/ul>\n<p>Se n\u00e3o quiseres um kit completo, podes optar por outras ideias pequenas mas originais. Se estiveres \u00e0 procura de um presente surpreendente, recomendamos a caixa de <a href=\"https:\/\/totenart.pt\/estojo-50-marcardores-bruynzeel\" target=\"_blank\" rel=\"noopener\"><span style=\"text-decoration: underline;\">50 marcadores de Bruynzeel<\/span><\/a>. Qualquer crian\u00e7a que goste de desenhar ficar\u00e1 surpreendida quando receber esta caixa de cores. Al\u00e9m disso, esta linha da casa Bruynzeel \u00e9 concebida para os mais novinhos brincarem sem medo. Outra op\u00e7\u00e3o muito original da mesma marca \u00e9 a <a href=\"https:\/\/totenart.pt\/estojo-6-marcadores-glitter-bruynzeel?utm_source=post&amp;utm_medium=o-que-oferecer&amp;utm_campaign=crianca-desenhar\" target=\"_blank\" rel=\"noopener\"><span style=\"text-decoration: underline;\">caixa de marcadores com purpurina<\/span><\/a>. Presentes originais ao melhor pre\u00e7o para os amantes do desenho!<\/p>\n<div id=\"attachment_21774\" style=\"width: 610px\" class=\"wp-caption aligncenter\"><img loading=\"lazy\" decoding=\"async\" aria-describedby=\"caption-attachment-21774\" class=\"wp-image-21774 size-full\" src=\"https:\/\/totenart.pt\/blog\/wp-content\/uploads\/2021\/12\/edding-regalos-nino-artista.jpg\" alt=\"\" width=\"600\" height=\"338\" srcset=\"https:\/\/totenart.pt\/blog\/wp-content\/uploads\/2021\/12\/edding-regalos-nino-artista.jpg 600w, https:\/\/totenart.pt\/blog\/wp-content\/uploads\/2021\/12\/edding-regalos-nino-artista-300x169.jpg 300w\" sizes=\"auto, (max-width: 600px) 100vw, 600px\" \/><p id=\"caption-attachment-21774\" class=\"wp-caption-text\">Encontra os marcadores acr\u00edlicos em <a href=\"https:\/\/totenart.pt\/acrilicos\/marcadores-de-tinta-acrilica\/marcadores-acrilicos-edding?utm_source=post&amp;utm_medium=o-que-oferecer&amp;utm_campaign=crianca-desenhar\" target=\"_blank\" rel=\"noopener\">Totenart<\/a><\/p><\/div>\n<p>Outra op\u00e7\u00e3o semelhante, mas com um toque super original para qualquer crian\u00e7a que desenha, s\u00e3o os <a href=\"https:\/\/totenart.pt\/acrilicos\/marcadores-de-tinta-acrilica\/marcadores-acrilicos-edding?utm_source=post&amp;utm_medium=o-que-oferecer&amp;utm_campaign=crianca-desenhar\" target=\"_blank\" rel=\"noopener\"><span style=\"text-decoration: underline;\">marcadores acr\u00edlicos Edding<\/span><\/a>. Uma gama inovadora da marca cl\u00e1ssica Edding, ideal para crian\u00e7as que querem desfrutar do desenho enquanto pintam com as cores mais intensas.<\/p>\n<h2>Curso de criatividade para crian\u00e7as<\/h2>\n<p>Se quiseres continuar a alimentar a criatividade dos mais novinhos, este curso \u00e9 para ti. Gra\u00e7as \u00e0 equipa Pin Tam Pom podes divertir-te com os mais pequenos da casa criando carimbos coloridos. Aprende a estimular a criatividade das crian\u00e7as e a construir uma f\u00e1brica de carimbos \u00fanica! N\u00e3o precisas de experi\u00eancia, apenas o desejo de te divertir. Mais de 2.000 crian\u00e7as j\u00e1 o experimentaram!<\/p>\n<p style=\"text-align: center;\"><a href=\"https:\/\/domestika.sjv.io\/zNz7xx\" class=\"button \" target=\"_blank\">Acede aqui ao curso de criatividade para crian\u00e7as<\/a><\/p>\n<p>Gostaste? Se precisares de mais ideias para crian\u00e7as artistas, n\u00e3o percas o nosso post sobre <a href=\"https:\/\/totenart.pt\/blog\/o-que-oferecer\/crianca-artista\/\" target=\"_blank\" rel=\"noopener\"><span style=\"text-decoration: underline;\">presentes para crian\u00e7as que gostam de arte<\/span><\/a>. E com certeza o teu pr\u00f3ximo presente vai dar certo!<\/p>\n","protected":false},"excerpt":{"rendered":"<p>Ideias de prendas para uma crian\u00e7a que gosta de desenhar Desde muito novas, as crian\u00e7as sentem uma grande motiva\u00e7\u00e3o para desenhar, um interesse especial em expressar-se atrav\u00e9s do desenho. \u00c9 importante encorajar este interesse para que as crian\u00e7as evoluam artisticamente e nunca deixem de desenhar. Por esta raz\u00e3o, dar arte como presente \u00e9 sempre uma [&hellip;]<\/p>\n","protected":false},"author":17,"featured_media":21771,"parent":21507,"menu_order":0,"comment_status":"closed","ping_status":"closed","template":"","meta":{"footnotes":""},"class_list":["post-21770","page","type-page","status-publish","has-post-thumbnail","hentry"],"_links":{"self":[{"href":"https:\/\/totenart.pt\/blog\/wp-json\/wp\/v2\/pages\/21770","targetHints":{"allow":["GET"]}}],"collection":[{"href":"https:\/\/totenart.pt\/blog\/wp-json\/wp\/v2\/pages"}],"about":[{"href":"https:\/\/totenart.pt\/blog\/wp-json\/wp\/v2\/types\/page"}],"author":[{"embeddable":true,"href":"https:\/\/totenart.pt\/blog\/wp-json\/wp\/v2\/users\/17"}],"replies":[{"embeddable":true,"href":"https:\/\/totenart.pt\/blog\/wp-json\/wp\/v2\/comments?post=21770"}],"version-history":[{"count":4,"href":"https:\/\/totenart.pt\/blog\/wp-json\/wp\/v2\/pages\/21770\/revisions"}],"predecessor-version":[{"id":26019,"href":"https:\/\/totenart.pt\/blog\/wp-json\/wp\/v2\/pages\/21770\/revisions\/26019"}],"up":[{"embeddable":true,"href":"https:\/\/totenart.pt\/blog\/wp-json\/wp\/v2\/pages\/21507"}],"wp:featuredmedia":[{"embeddable":true,"href":"https:\/\/totenart.pt\/blog\/wp-json\/wp\/v2\/media\/21771"}],"wp:attachment":[{"href":"https:\/\/totenart.pt\/blog\/wp-json\/wp\/v2\/media?parent=21770"}],"curies":[{"name":"wp","href":"https:\/\/api.w.org\/{rel}","templated":true}]}}