{"id":23895,"date":"2022-04-11T17:47:47","date_gmt":"2022-04-11T15:47:47","guid":{"rendered":"https:\/\/totenart.pt\/blog\/?page_id=23895"},"modified":"2023-07-03T09:28:55","modified_gmt":"2023-07-03T07:28:55","slug":"miniaturas","status":"publish","type":"page","link":"https:\/\/totenart.pt\/blog\/o-que-oferecer\/artista-aficionado\/miniaturas\/","title":{"rendered":"Ideiais de presentes para um pintor de miniaturas"},"content":{"rendered":"<h1>O que presentear um amante do Warhammer<\/h1>\n<p>Se tens de dar um presente a um pintor de miniaturas e n\u00e3o sabes por onde come\u00e7ar, estamos aqui para te ajudar! J\u00e1 perguntamos a muitos pintores de Warhammer e tiramos nossas conclus\u00f5es. N\u00e3o percas essas <strong>id\u00e9ias de presentes para um pintor de miniaturas:<\/strong><\/p>\n<h2>Aer\u00f3grafos<\/h2>\n<p>Os aer\u00f3grafos s\u00e3o <strong>ideais para trabalhar pintura em miniatura de uma forma confort\u00e1vel e segura<\/strong>. Gra\u00e7as a estes aparelhos, qualquer artista de Warhammer vai aprender a pintar miniaturas mais r\u00e1pido. Para come\u00e7ar, podes optar por presentear um <a href=\"https:\/\/totenart.pt\/aerografo-ultra-harder-steenbeck?utm_source=post&amp;utm_medium=o-que-oferecer&amp;utm_campaign=artista-miniaturas\" target=\"_blank\" rel=\"noopener\"><span style=\"text-decoration: underline;\">aer\u00f3grafo Ultra Harder &amp; Steenbeck<\/span><\/a>, ideal para iniciantes. Este aer\u00f3grafo \u00e9 muito simples de usar para que qualquer um possa ser lan\u00e7ado na t\u00e9cnica de aerografia.<\/p>\n<div id=\"attachment_23898\" style=\"width: 710px\" class=\"wp-caption aligncenter\"><img loading=\"lazy\" decoding=\"async\" aria-describedby=\"caption-attachment-23898\" class=\"wp-image-23898 size-full\" src=\"https:\/\/totenart.pt\/blog\/wp-content\/uploads\/2022\/04\/que-regalar-a-un-grafitero-2-1.jpg\" alt=\"\" width=\"700\" height=\"207\" srcset=\"https:\/\/totenart.pt\/blog\/wp-content\/uploads\/2022\/04\/que-regalar-a-un-grafitero-2-1.jpg 700w, https:\/\/totenart.pt\/blog\/wp-content\/uploads\/2022\/04\/que-regalar-a-un-grafitero-2-1-300x89.jpg 300w\" sizes=\"auto, (max-width: 700px) 100vw, 700px\" \/><p id=\"caption-attachment-23898\" class=\"wp-caption-text\"><a href=\"https:\/\/totenart.pt\/equipamento-de-estudio\/equipamentos-aerografia\/aerografos-profissionais-e-de-iniciacao?utm_source=post&amp;utm_medium=o-que-oferecer&amp;utm_campaign=artista-miniaturas\" target=\"_blank\" rel=\"noopener\">Aer\u00f3grafos profissionais e de inicia\u00e7\u00e3o<\/a><\/p><\/div>\n<p>Se quiseres ter um <strong>detalhe com um artista que j\u00e1 tem um aer\u00f3grafo, podes dar-lhe algum complemento para aerografia.<\/strong> Entre os melhores complementos encontramos <a href=\"https:\/\/totenart.pt\/outros-produtos-175\/aerografia-pt\/meios-de-aerografia?utm_source=post&amp;utm_medium=o-que-oferecer&amp;utm_campaign=artista-miniaturas\" target=\"_blank\" rel=\"noopener\"><span style=\"text-decoration: underline;\">m\u00e9dios para aer\u00f3grafos<\/span><\/a>, diversos modificadores para conseguir melhores resultados em aerografia. Um dos mais \u00fateis \u00e9 o limpador de aer\u00f3grafos, perfeito para ter as ferramentas em perfeitas condi\u00e7\u00f5es.<\/p>\n<h2>Paletas h\u00famidas<\/h2>\n<p>Em geral, os artistas de todas as t\u00e9cnicas usam paletas de pintor para colocar as suas pinturas. No caso dos pintores de miniaturas, estas pinturas podem ser secas. Tem em mente que, <strong>ao pintar figuras t\u00e3o pequenas, utilizam pouca tinta e esta acaba secando na paleta.<\/strong> \u00c9 por isso que recomendamos que presenteies uma <a href=\"https:\/\/totenart.pt\/outros-produtos-175\/manualidades\/paletas-humidas?utm_source=post&amp;utm_medium=o-que-oferecer&amp;utm_campaign=artista-miniaturas\" target=\"_blank\" rel=\"noopener\"><span style=\"text-decoration: underline;\">paleta h\u00famida<\/span>:<\/a><\/p>\n<div id=\"attachment_23899\" style=\"width: 710px\" class=\"wp-caption aligncenter\"><img loading=\"lazy\" decoding=\"async\" aria-describedby=\"caption-attachment-23899\" class=\"wp-image-23899 size-full\" src=\"https:\/\/totenart.pt\/blog\/wp-content\/uploads\/2022\/04\/paleta-humeda-totenart-ideas-de-regalo-1.jpg\" alt=\"\" width=\"700\" height=\"229\" srcset=\"https:\/\/totenart.pt\/blog\/wp-content\/uploads\/2022\/04\/paleta-humeda-totenart-ideas-de-regalo-1.jpg 700w, https:\/\/totenart.pt\/blog\/wp-content\/uploads\/2022\/04\/paleta-humeda-totenart-ideas-de-regalo-1-300x98.jpg 300w\" sizes=\"auto, (max-width: 700px) 100vw, 700px\" \/><p id=\"caption-attachment-23899\" class=\"wp-caption-text\">As melhores paletas h\u00famidas<\/p><\/div>\n<p>Ao contr\u00e1rio das paletas de pintor comuns, as paletas h\u00famidas s\u00e3o compostas por um material que n\u00e3o deixa passar a pintura mas sim a humidade. \u00c9 por isso que <strong>a tinta se mant\u00e9m h\u00famida o tempo todo e demora mais tempo a secar.<\/strong> Um presente perfeito para artistas de Warhammer que querem aproveitar suas ferramentas ao m\u00e1ximo.Se quiseres saber mais sobre esta paleta, d\u00e1 uma olhada neste v\u00eddeo:<\/p>\n<h3>Como usar uma paleta h\u00famida (em v\u00eddeo)<\/h3>\n<div class=\"contenedor\">\n<div class=\"reproductor\" data-id=\"9mQYwzsI1bU\"><\/div>\n<\/div>\n<p>&nbsp;<\/p>\n<h2>Pinc\u00e9is para pintura em miniatura<\/h2>\n<p>Outro detalhe perfeito para dar de presente a qualquer artista que pinte miniaturas s\u00e3o os pinc\u00e9is. Neste caso, vamos deixar aqui os <span style=\"text-decoration: underline;\"><a href=\"https:\/\/totenart.pt\/materiais-pintura\/pinceis\/pincel-sintetico-cabelo-longo?utm_source=post&amp;utm_medium=o-que-oferecer&amp;utm_campaign=artista-miniaturas\" target=\"_blank\" rel=\"noopener\">pinc\u00e9is de filetagem<\/a><\/span>. Tamb\u00e9m conhecidos como Liners, <strong>os pinc\u00e9is de filete se destacam por suas cerdas longas e finas.<\/strong> Gra\u00e7as a isso, estes pinc\u00e9is s\u00e3o perfeitos para fazer linhas retas, bem como detalhes finos e pontos. \u00c9 por isso que qualquer artista de miniaturas precisa de um pincel como este.<\/p>\n<p>Se um pincel parece pouco para ti, temos uma proposta. Neste caso, apresentamos o kit de pinc\u00e9is mini de Van Gogh. Gra\u00e7as ao seu tamanho, <strong>estes pinc\u00e9is s\u00e3o ideais para artistas de Warhammer que querem diferentes formas de pinc\u00e9is.<\/strong> O set de <a href=\"https:\/\/totenart.pt\/conjunto-9-pinceis-do-bolso-para-aquarela-e-tempera-van-gogh\" target=\"_blank\" rel=\"noopener\">9 pinc\u00e9is mini de Van Gogh<\/a> inclui todos os pinc\u00e9is que imaginas: pincel plano, leque, redondo, l\u00edngua de gato e um longo etc.<\/p>\n<h2>Curso para pintor de miniaturas<\/h2>\n<p>Finalmente, se quiseres fazer um presente original para um pintor de miniaturas recomendamos este curso. Gra\u00e7as \u00e0 escultura Julieta La Valle, qualquer <strong>artista de Warhammer poder\u00e1 aprender a criar um universo em miniatura.<\/strong> Neste curso online tratar\u00e1s todo o processo, desde a estrutura geral at\u00e9 o \u00faltimo detalhe. N\u00e3o deixes passar a oportunidade e presenteia um workshop online para realizar desde qualquer dispositivo e que j\u00e1 realizaram mais de 5.000 artistas:<\/p>\n<p style=\"text-align: center;\"><a href=\"https:\/\/domestika.sjv.io\/QyK0Ra\" class=\"button \" target=\"_blank\">Acede aqui ao curso de constru\u00e7\u00e3o de maquetes[<\/a><\/p>\n<h2>Acess\u00f3rios para Warhammer<\/h2>\n<p>Se o que queres \u00e9 completar um presente para pintores de miniaturas temos alguns detalhes com os quais n\u00e3o falhar\u00e1s. Para come\u00e7ar, recomendamos que ofere\u00e7as alguma ferramenta de corte. <strong>Ferramentas como x-atos ou placas de corte s\u00e3o perfeitos para ter um detalhe com um amante do Warhammer.<\/strong> Entre os nossos favoritos est\u00e1 o <a href=\"https:\/\/totenart.pt\/cutter-bisturi-rotativo-360?utm_source=post&amp;utm_medium=o-que-oferecer&amp;utm_campaign=artista-miniaturas\" target=\"_blank\" rel=\"noopener\">x-ato bisturi 360\u00ba<\/a>, um x-ato t\u00e3o \u00fatil como original que vai agradar a qualquer amante de miniaturas.<\/p>\n<p>O que achas de nossas id\u00e9ias de presentes para pintores em miniatura? N\u00e3o percas as nossas id\u00e9ias de presente e acerta com nossas p\u00e1ginas de <a href=\"https:\/\/totenart.pt\/blog\/o-que-oferecer\/pintor-profissional\/?utm_source=post&amp;utm_medium=o-que-oferecer&amp;utm_campaign=artista-miniaturas\" target=\"_blank\" rel=\"noopener\">presentes para artistas!<\/a><\/p>\n","protected":false},"excerpt":{"rendered":"<p>O que presentear um amante do Warhammer Se tens de dar um presente a um pintor de miniaturas e n\u00e3o sabes por onde come\u00e7ar, estamos aqui para te ajudar! J\u00e1 perguntamos a muitos pintores de Warhammer e tiramos nossas conclus\u00f5es. N\u00e3o percas essas id\u00e9ias de presentes para um pintor de miniaturas: Aer\u00f3grafos Os aer\u00f3grafos s\u00e3o [&hellip;]<\/p>\n","protected":false},"author":17,"featured_media":23896,"parent":18775,"menu_order":0,"comment_status":"closed","ping_status":"closed","template":"","meta":{"footnotes":""},"class_list":["post-23895","page","type-page","status-publish","has-post-thumbnail","hentry"],"_links":{"self":[{"href":"https:\/\/totenart.pt\/blog\/wp-json\/wp\/v2\/pages\/23895","targetHints":{"allow":["GET"]}}],"collection":[{"href":"https:\/\/totenart.pt\/blog\/wp-json\/wp\/v2\/pages"}],"about":[{"href":"https:\/\/totenart.pt\/blog\/wp-json\/wp\/v2\/types\/page"}],"author":[{"embeddable":true,"href":"https:\/\/totenart.pt\/blog\/wp-json\/wp\/v2\/users\/17"}],"replies":[{"embeddable":true,"href":"https:\/\/totenart.pt\/blog\/wp-json\/wp\/v2\/comments?post=23895"}],"version-history":[{"count":3,"href":"https:\/\/totenart.pt\/blog\/wp-json\/wp\/v2\/pages\/23895\/revisions"}],"predecessor-version":[{"id":26293,"href":"https:\/\/totenart.pt\/blog\/wp-json\/wp\/v2\/pages\/23895\/revisions\/26293"}],"up":[{"embeddable":true,"href":"https:\/\/totenart.pt\/blog\/wp-json\/wp\/v2\/pages\/18775"}],"wp:featuredmedia":[{"embeddable":true,"href":"https:\/\/totenart.pt\/blog\/wp-json\/wp\/v2\/media\/23896"}],"wp:attachment":[{"href":"https:\/\/totenart.pt\/blog\/wp-json\/wp\/v2\/media?parent=23895"}],"curies":[{"name":"wp","href":"https:\/\/api.w.org\/{rel}","templated":true}]}}